{"id":164,"date":"2024-04-01T08:01:10","date_gmt":"2024-04-01T07:01:10","guid":{"rendered":"https:\/\/elektrovaruh.si\/wp3\/?page_id=164"},"modified":"2024-04-01T09:08:10","modified_gmt":"2024-04-01T08:08:10","slug":"primerjava-paketov","status":"publish","type":"page","link":"https:\/\/elektrovaruh.si\/wp3\/primerjava-paketov\/","title":{"rendered":"Primerjava paketov"},"content":{"rendered":"\n<p>V kolikor ste pri\u0161li neposredno na to stran, predlagamo, da najprej preberete vsaj kak\u0161ne mo\u017enosti <a href=\"https:\/\/elektrovaruh.si\/wp3\/ustvarjanje-dobicka\/\" data-type=\"page\" data-id=\"83\">zaslu\u017eka vam ponujajo baterijski hranilniki v kombinaciji z upravljanjem s strani Elektrovaruha<\/a>, nabolje pa kar celotno razlago <a href=\"https:\/\/elektrovaruh.si\/wp3\/ste-pripravljeni-na-1-julij-2024-vecina-malih-in-srednjih-podjetij-ni\/\" data-type=\"page\" data-id=\"27\">dogajanja o novem obra\u010dunu omre\u017enin in priklju\u010dnih mo\u010di<\/a> &#8211; \u0161e posebej bi opozorili na 15-minutni interval obra\u010duna cene elektri\u010dne energije.<\/p>\n\n\n\n<figure class=\"wp-block-table\"><table><tbody><tr><td><\/td><td class=\"has-text-align-center\" data-align=\"center\">Osnovni paket<\/td><td class=\"has-text-align-center\" data-align=\"center\">Napredni paket<\/td><td class=\"has-text-align-center\" data-align=\"center\">Baterijski paket<\/td><\/tr><tr><td>Merilnik porabe<\/td><td class=\"has-text-align-center\" data-align=\"center\"><img decoding=\"async\" style=\"width: 30px;\" src=\"https:\/\/elektrovaruh.si\/wp3\/wp-content\/uploads\/2024\/03\/cropped-ElektroVaruh_Logo-Mark.png\" alt=\"\"><\/td><td class=\"has-text-align-center\" data-align=\"center\"><img decoding=\"async\" style=\"width: 30px;\" src=\"https:\/\/elektrovaruh.si\/wp3\/wp-content\/uploads\/2024\/03\/cropped-ElektroVaruh_Logo-Mark.png\" alt=\"\"><\/td><td class=\"has-text-align-center\" data-align=\"center\"><img decoding=\"async\" style=\"width: 30px;\" src=\"https:\/\/elektrovaruh.si\/wp3\/wp-content\/uploads\/2024\/03\/cropped-ElektroVaruh_Logo-Mark.png\" alt=\"\"><\/td><\/tr><tr><td>Aplikacija za spremljanje in upravljanje porabe<\/td><td class=\"has-text-align-center\" data-align=\"center\"><img decoding=\"async\" style=\"width: 30px;\" src=\"https:\/\/elektrovaruh.si\/wp3\/wp-content\/uploads\/2024\/03\/cropped-ElektroVaruh_Logo-Mark.png\" alt=\"\"><\/td><td class=\"has-text-align-center\" data-align=\"center\"><img decoding=\"async\" style=\"width: 30px;\" src=\"https:\/\/elektrovaruh.si\/wp3\/wp-content\/uploads\/2024\/03\/cropped-ElektroVaruh_Logo-Mark.png\" alt=\"\"><\/td><td class=\"has-text-align-center\" data-align=\"center\"><img decoding=\"async\" style=\"width: 30px;\" src=\"https:\/\/elektrovaruh.si\/wp3\/wp-content\/uploads\/2024\/03\/cropped-ElektroVaruh_Logo-Mark.png\" alt=\"\"><\/td><\/tr><tr><td>Spremljanje trenutne porabe po fazah<\/td><td class=\"has-text-align-center\" data-align=\"center\"><img decoding=\"async\" style=\"width: 30px;\" src=\"https:\/\/elektrovaruh.si\/wp3\/wp-content\/uploads\/2024\/03\/cropped-ElektroVaruh_Logo-Mark.png\" alt=\"\"><\/td><td class=\"has-text-align-center\" data-align=\"center\"><img decoding=\"async\" style=\"width: 30px;\" src=\"https:\/\/elektrovaruh.si\/wp3\/wp-content\/uploads\/2024\/03\/cropped-ElektroVaruh_Logo-Mark.png\" alt=\"\"><\/td><td class=\"has-text-align-center\" data-align=\"center\"><img decoding=\"async\" style=\"width: 30px;\" src=\"https:\/\/elektrovaruh.si\/wp3\/wp-content\/uploads\/2024\/03\/cropped-ElektroVaruh_Logo-Mark.png\" alt=\"\"><\/td><\/tr><tr><td>Zgodovina porabe po fazah<\/td><td class=\"has-text-align-center\" data-align=\"center\"><img decoding=\"async\" style=\"width: 30px;\" src=\"https:\/\/elektrovaruh.si\/wp3\/wp-content\/uploads\/2024\/03\/cropped-ElektroVaruh_Logo-Mark.png\" alt=\"\"><\/td><td class=\"has-text-align-center\" data-align=\"center\"><img decoding=\"async\" style=\"width: 30px;\" src=\"https:\/\/elektrovaruh.si\/wp3\/wp-content\/uploads\/2024\/03\/cropped-ElektroVaruh_Logo-Mark.png\" alt=\"\"><\/td><td class=\"has-text-align-center\" data-align=\"center\"><img decoding=\"async\" style=\"width: 30px;\" src=\"https:\/\/elektrovaruh.si\/wp3\/wp-content\/uploads\/2024\/03\/cropped-ElektroVaruh_Logo-Mark.png\" alt=\"\"><\/td><\/tr><tr><td>Opozorila o prese\u017eeni dogovorjeni obra\u010dunski mo\u010di<\/td><td class=\"has-text-align-center\" data-align=\"center\"><img decoding=\"async\" style=\"width: 30px;\" src=\"https:\/\/elektrovaruh.si\/wp3\/wp-content\/uploads\/2024\/03\/cropped-ElektroVaruh_Logo-Mark.png\" alt=\"\"><\/td><td class=\"has-text-align-center\" data-align=\"center\"><img decoding=\"async\" style=\"width: 30px;\" src=\"https:\/\/elektrovaruh.si\/wp3\/wp-content\/uploads\/2024\/03\/cropped-ElektroVaruh_Logo-Mark.png\" alt=\"\"><\/td><td class=\"has-text-align-center\" data-align=\"center\"><img decoding=\"async\" style=\"width: 30px;\" src=\"https:\/\/elektrovaruh.si\/wp3\/wp-content\/uploads\/2024\/03\/cropped-ElektroVaruh_Logo-Mark.png\" alt=\"\"><\/td><\/tr><tr><td>Opozorila o spremembi \u010dasovnega bloka omre\u017enine<\/td><td class=\"has-text-align-center\" data-align=\"center\"><img decoding=\"async\" style=\"width: 30px;\" src=\"https:\/\/elektrovaruh.si\/wp3\/wp-content\/uploads\/2024\/03\/cropped-ElektroVaruh_Logo-Mark.png\" alt=\"\"><\/td><td class=\"has-text-align-center\" data-align=\"center\"><img decoding=\"async\" style=\"width: 30px;\" src=\"https:\/\/elektrovaruh.si\/wp3\/wp-content\/uploads\/2024\/03\/cropped-ElektroVaruh_Logo-Mark.png\" alt=\"\"><\/td><td class=\"has-text-align-center\" data-align=\"center\"><img decoding=\"async\" style=\"width: 30px;\" src=\"https:\/\/elektrovaruh.si\/wp3\/wp-content\/uploads\/2024\/03\/cropped-ElektroVaruh_Logo-Mark.png\" alt=\"\"><\/td><\/tr><tr><td>Opozorila o spremembi cene elektri\u010dne energije<\/td><td class=\"has-text-align-center\" data-align=\"center\"><img decoding=\"async\" style=\"width: 30px;\" src=\"https:\/\/elektrovaruh.si\/wp3\/wp-content\/uploads\/2024\/03\/cropped-ElektroVaruh_Logo-Mark.png\" alt=\"\"><\/td><td class=\"has-text-align-center\" data-align=\"center\"><img decoding=\"async\" style=\"width: 30px;\" src=\"https:\/\/elektrovaruh.si\/wp3\/wp-content\/uploads\/2024\/03\/cropped-ElektroVaruh_Logo-Mark.png\" alt=\"\"><\/td><td class=\"has-text-align-center\" data-align=\"center\"><img decoding=\"async\" style=\"width: 30px;\" src=\"https:\/\/elektrovaruh.si\/wp3\/wp-content\/uploads\/2024\/03\/cropped-ElektroVaruh_Logo-Mark.png\" alt=\"\"><\/td><\/tr><tr><td>Poro\u010dila o porabi elektri\u010dne eenrgije za razli\u010dna obdobja<\/td><td class=\"has-text-align-center\" data-align=\"center\"><img decoding=\"async\" style=\"width: 30px;\" src=\"https:\/\/elektrovaruh.si\/wp3\/wp-content\/uploads\/2024\/03\/cropped-ElektroVaruh_Logo-Mark.png\" alt=\"\"><\/td><td class=\"has-text-align-center\" data-align=\"center\"><img decoding=\"async\" style=\"width: 30px;\" src=\"https:\/\/elektrovaruh.si\/wp3\/wp-content\/uploads\/2024\/03\/cropped-ElektroVaruh_Logo-Mark.png\" alt=\"\"><\/td><td class=\"has-text-align-center\" data-align=\"center\"><img decoding=\"async\" style=\"width: 30px;\" src=\"https:\/\/elektrovaruh.si\/wp3\/wp-content\/uploads\/2024\/03\/cropped-ElektroVaruh_Logo-Mark.png\" alt=\"\"><\/td><\/tr><tr><td>Priporo\u010dila o smotrnej\u0161i porabi elektri\u010dne energije<\/td><td class=\"has-text-align-center\" data-align=\"center\"><img decoding=\"async\" style=\"width: 30px;\" src=\"https:\/\/elektrovaruh.si\/wp3\/wp-content\/uploads\/2024\/03\/cropped-ElektroVaruh_Logo-Mark.png\" alt=\"\"><\/td><td class=\"has-text-align-center\" data-align=\"center\"><img decoding=\"async\" style=\"width: 30px;\" src=\"https:\/\/elektrovaruh.si\/wp3\/wp-content\/uploads\/2024\/03\/cropped-ElektroVaruh_Logo-Mark.png\" alt=\"\"><\/td><td class=\"has-text-align-center\" data-align=\"center\"><img decoding=\"async\" style=\"width: 30px;\" src=\"https:\/\/elektrovaruh.si\/wp3\/wp-content\/uploads\/2024\/03\/cropped-ElektroVaruh_Logo-Mark.png\" alt=\"\"><\/td><\/tr><tr><td>Mo\u017enost menjave dobavitelja elektri\u010dne energije (15-minutni obra\u010dunski interval)<\/td><td class=\"has-text-align-center\" data-align=\"center\"><img decoding=\"async\" style=\"width: 30px;\" src=\"https:\/\/elektrovaruh.si\/wp3\/wp-content\/uploads\/2024\/03\/cropped-ElektroVaruh_Logo-Mark.png\" alt=\"\"><\/td><td class=\"has-text-align-center\" data-align=\"center\"><img decoding=\"async\" style=\"width: 30px;\" src=\"https:\/\/elektrovaruh.si\/wp3\/wp-content\/uploads\/2024\/03\/cropped-ElektroVaruh_Logo-Mark.png\" alt=\"\"><\/td><td class=\"has-text-align-center\" data-align=\"center\"><img decoding=\"async\" style=\"width: 30px;\" src=\"https:\/\/elektrovaruh.si\/wp3\/wp-content\/uploads\/2024\/03\/cropped-ElektroVaruh_Logo-Mark.png\" alt=\"\"><\/td><\/tr><tr><td>Daljinsko upravljanje ve\u010djih porabnikov (dolo\u010dite sami katerih)<\/td><td class=\"has-text-align-center\" data-align=\"center\"><img loading=\"lazy\" decoding=\"async\" width=\"30\" height=\"39\" class=\"wp-image-173\" style=\"width: 30px;\" src=\"https:\/\/elektrovaruh.si\/wp3\/wp-content\/uploads\/2024\/04\/red-x-transparent-e1711956407267.png\" alt=\"\"><\/td><td class=\"has-text-align-center\" data-align=\"center\"><img decoding=\"async\" style=\"width: 30px;\" src=\"https:\/\/elektrovaruh.si\/wp3\/wp-content\/uploads\/2024\/03\/cropped-ElektroVaruh_Logo-Mark.png\" alt=\"\"><\/td><td class=\"has-text-align-center\" data-align=\"center\"><img decoding=\"async\" style=\"width: 30px;\" src=\"https:\/\/elektrovaruh.si\/wp3\/wp-content\/uploads\/2024\/03\/cropped-ElektroVaruh_Logo-Mark.png\" alt=\"\"><\/td><\/tr><tr><td>Prepre\u010devanje kazni zaradi prese\u017eene dogovorjene obra\u010dunske mo\u010di<\/td><td class=\"has-text-align-center\" data-align=\"center\"><img loading=\"lazy\" decoding=\"async\" width=\"30\" height=\"39\" class=\"wp-image-173\" style=\"width: 30px;\" src=\"https:\/\/elektrovaruh.si\/wp3\/wp-content\/uploads\/2024\/04\/red-x-transparent-e1711956407267.png\" alt=\"\"><\/td><td class=\"has-text-align-center\" data-align=\"center\"><img decoding=\"async\" style=\"width: 30px;\" src=\"https:\/\/elektrovaruh.si\/wp3\/wp-content\/uploads\/2024\/03\/cropped-ElektroVaruh_Logo-Mark.png\" alt=\"\"><\/td><td class=\"has-text-align-center\" data-align=\"center\"><img decoding=\"async\" style=\"width: 30px;\" src=\"https:\/\/elektrovaruh.si\/wp3\/wp-content\/uploads\/2024\/03\/cropped-ElektroVaruh_Logo-Mark.png\" alt=\"\"><\/td><\/tr><tr><td>Personaliziran baterijski sklop<\/td><td class=\"has-text-align-center\" data-align=\"center\"><img loading=\"lazy\" decoding=\"async\" width=\"30\" height=\"39\" class=\"wp-image-173\" style=\"width: 30px;\" src=\"https:\/\/elektrovaruh.si\/wp3\/wp-content\/uploads\/2024\/04\/red-x-transparent-e1711956407267.png\" alt=\"\"><\/td><td class=\"has-text-align-center\" data-align=\"center\"><img loading=\"lazy\" decoding=\"async\" width=\"30\" height=\"39\" class=\"wp-image-173\" style=\"width: 30px;\" src=\"https:\/\/elektrovaruh.si\/wp3\/wp-content\/uploads\/2024\/04\/red-x-transparent-e1711956407267.png\" alt=\"\"><\/td><td class=\"has-text-align-center\" data-align=\"center\"><img decoding=\"async\" style=\"width: 30px;\" src=\"https:\/\/elektrovaruh.si\/wp3\/wp-content\/uploads\/2024\/03\/cropped-ElektroVaruh_Logo-Mark.png\" alt=\"\"><\/td><\/tr><tr><td>Upravljanje polnjenja in praznjenja baterij &#8211; mo\u017enost zaslu\u017eka<\/td><td class=\"has-text-align-center\" data-align=\"center\"><img loading=\"lazy\" decoding=\"async\" width=\"30\" height=\"39\" class=\"wp-image-173\" style=\"width: 30px;\" src=\"https:\/\/elektrovaruh.si\/wp3\/wp-content\/uploads\/2024\/04\/red-x-transparent-e1711956407267.png\" alt=\"\"><\/td><td class=\"has-text-align-center\" data-align=\"center\"><img loading=\"lazy\" decoding=\"async\" width=\"30\" height=\"39\" class=\"wp-image-173\" style=\"width: 30px;\" src=\"https:\/\/elektrovaruh.si\/wp3\/wp-content\/uploads\/2024\/04\/red-x-transparent-e1711956407267.png\" alt=\"\"><\/td><td class=\"has-text-align-center\" data-align=\"center\"><img decoding=\"async\" style=\"width: 30px;\" src=\"https:\/\/elektrovaruh.si\/wp3\/wp-content\/uploads\/2024\/03\/cropped-ElektroVaruh_Logo-Mark.png\" alt=\"\"><\/td><\/tr><tr><td>Cena<\/td><td class=\"has-text-align-center\" data-align=\"center\">257\u20ac merilnik <br> + 99\u20ac letno <br>(ali 9\u20ac mese\u010dno)<\/td><td class=\"has-text-align-center\" data-align=\"center\">257\u20ac merilnik <br> + 299\u20ac letno <br>(ali 29\u20ac mese\u010dno)<\/td><td class=\"has-text-align-center\" data-align=\"center\"><a href=\"https:\/\/elektrovaruh.si\/wp3\/kontakt\/\" data-type=\"page\" data-id=\"49\">Kontaktirajte nas<br>in pridobite ponudbo<\/a><\/td><\/tr><\/tbody><\/table><figcaption class=\"wp-element-caption\">Merilnik je mogo\u010de kupiti tudi na obroke (3 x 89\u20ac). <br>Vse cene so brez pripadajo\u010dega ddv. <br>Monta\u017eo merilnika zagotovite sami ali pa <a href=\"https:\/\/elektrovaruh.si\/wp3\/kontakt\/\" data-type=\"page\" data-id=\"49\">zahtevajte ponudbo za monta\u017eo<\/a>.<\/figcaption><\/figure>\n\n\n\n<p><\/p>\n\n\n\n<hr class=\"wp-block-separator has-alpha-channel-opacity\"\/>\n\n\n\n<div class=\"wpcf7 no-js\" id=\"wpcf7-f42-o1\" lang=\"sl-SI\" dir=\"ltr\">\n<div class=\"screen-reader-response\"><p role=\"status\" aria-live=\"polite\" aria-atomic=\"true\"><\/p> <ul><\/ul><\/div>\n<form action=\"\/wp3\/wp-json\/wp\/v2\/pages\/164#wpcf7-f42-o1\" method=\"post\" class=\"wpcf7-form init\" aria-label=\"Contact form\" novalidate=\"novalidate\" data-status=\"init\">\n<div style=\"display: none;\">\n<input type=\"hidden\" name=\"_wpcf7\" value=\"42\" \/>\n<input type=\"hidden\" name=\"_wpcf7_version\" value=\"5.9.3\" \/>\n<input type=\"hidden\" name=\"_wpcf7_locale\" value=\"sl_SI\" \/>\n<input type=\"hidden\" name=\"_wpcf7_unit_tag\" value=\"wpcf7-f42-o1\" \/>\n<input type=\"hidden\" name=\"_wpcf7_container_post\" value=\"0\" \/>\n<input type=\"hidden\" name=\"_wpcf7_posted_data_hash\" value=\"\" \/>\n<\/div>\n<p>Imate vpra\u0161anje ali komentar? Napi\u0161ite ga v spodnji obrazec. Prosim da natan\u010dno preverite, \u010de ste pravilno vpisali va\u0161e kontaktne podatke, da boste lahko prejeli odgovor.\n<\/p>\n<p><label> Va\u0161e sporo\u010dilo<br \/>\n<span class=\"wpcf7-form-control-wrap\" data-name=\"your-message\"><textarea cols=\"40\" rows=\"10\" class=\"wpcf7-form-control wpcf7-textarea wpcf7-validates-as-required\" aria-required=\"true\" aria-invalid=\"false\" placeholder=\"va\u0161e sporo\u010dilo\" name=\"your-message\"><\/textarea><\/span> <\/label>\n<\/p>\n<p><label> Va\u0161e ime<br \/>\n<span class=\"wpcf7-form-control-wrap\" data-name=\"your-name\"><input size=\"40\" class=\"wpcf7-form-control wpcf7-text wpcf7-validates-as-required\" autocomplete=\"name\" aria-required=\"true\" aria-invalid=\"false\" value=\"\" type=\"text\" name=\"your-name\" \/><\/span> <\/label>\n<\/p>\n<p><label> Va\u0161 najbolj\u0161i e-po\u0161tni naslov<br \/>\n<span class=\"wpcf7-form-control-wrap\" data-name=\"your-email\"><input size=\"40\" class=\"wpcf7-form-control wpcf7-email wpcf7-validates-as-required wpcf7-text wpcf7-validates-as-email\" autocomplete=\"email\" aria-required=\"true\" aria-invalid=\"false\" value=\"\" type=\"email\" name=\"your-email\" \/><\/span> <\/label>\n<\/p>\n<p><label> Va\u0161a telefonska \u0161tevilka<br \/>\n<span class=\"wpcf7-form-control-wrap\" data-name=\"tel-351\"><input size=\"40\" class=\"wpcf7-form-control wpcf7-tel wpcf7-text wpcf7-validates-as-tel\" aria-invalid=\"false\" placeholder=\"+386 1 234 56 78\" value=\"\" type=\"tel\" name=\"tel-351\" \/><\/span> <\/label>\n<\/p>\n<p><input class=\"wpcf7-form-control wpcf7-submit has-spinner\" type=\"submit\" value=\"Po\u0161lji\" \/>\n<\/p><p style=\"display: none !important;\" class=\"akismet-fields-container\" data-prefix=\"_wpcf7_ak_\"><label>&#916;<textarea name=\"_wpcf7_ak_hp_textarea\" cols=\"45\" rows=\"8\" maxlength=\"100\"><\/textarea><\/label><input type=\"hidden\" id=\"ak_js_1\" name=\"_wpcf7_ak_js\" value=\"138\"\/><script>document.getElementById( \"ak_js_1\" ).setAttribute( \"value\", ( new Date() ).getTime() );<\/script><\/p><div class=\"wpcf7-response-output\" aria-hidden=\"true\"><\/div>\n<\/form>\n<\/div>\n\n","protected":false},"excerpt":{"rendered":"<p>V kolikor ste pri\u0161li neposredno na to stran, predlagamo, da najprej preberete vsaj kak\u0161ne mo\u017enosti zaslu\u017eka vam ponujajo baterijski hranilniki [&hellip;]<\/p>\n","protected":false},"author":1,"featured_media":0,"parent":0,"menu_order":0,"comment_status":"closed","ping_status":"closed","template":"","meta":{"site-sidebar-layout":"default","site-content-layout":"","ast-site-content-layout":"","site-content-style":"default","site-sidebar-style":"default","ast-global-header-display":"","ast-banner-title-visibility":"","ast-main-header-display":"","ast-hfb-above-header-display":"","ast-hfb-below-header-display":"","ast-hfb-mobile-header-display":"","site-post-title":"","ast-breadcrumbs-content":"","ast-featured-img":"","footer-sml-layout":"","theme-transparent-header-meta":"","adv-header-id-meta":"","stick-header-meta":"","header-above-stick-meta":"","header-main-stick-meta":"","header-below-stick-meta":"","astra-migrate-meta-layouts":"default","ast-page-background-enabled":"default","ast-page-background-meta":{"desktop":{"background-color":"var(--ast-global-color-4)","background-image":"","background-repeat":"repeat","background-position":"center center","background-size":"auto","background-attachment":"scroll","background-type":"","background-media":"","overlay-type":"","overlay-color":"","overlay-gradient":""},"tablet":{"background-color":"","background-image":"","background-repeat":"repeat","background-position":"center center","background-size":"auto","background-attachment":"scroll","background-type":"","background-media":"","overlay-type":"","overlay-color":"","overlay-gradient":""},"mobile":{"background-color":"","background-image":"","background-repeat":"repeat","background-position":"center center","background-size":"auto","background-attachment":"scroll","background-type":"","background-media":"","overlay-type":"","overlay-color":"","overlay-gradient":""}},"ast-content-background-meta":{"desktop":{"background-color":"var(--ast-global-color-5)","background-image":"","background-repeat":"repeat","background-position":"center center","background-size":"auto","background-attachment":"scroll","background-type":"","background-media":"","overlay-type":"","overlay-color":"","overlay-gradient":""},"tablet":{"background-color":"var(--ast-global-color-5)","background-image":"","background-repeat":"repeat","background-position":"center center","background-size":"auto","background-attachment":"scroll","background-type":"","background-media":"","overlay-type":"","overlay-color":"","overlay-gradient":""},"mobile":{"background-color":"var(--ast-global-color-5)","background-image":"","background-repeat":"repeat","background-position":"center center","background-size":"auto","background-attachment":"scroll","background-type":"","background-media":"","overlay-type":"","overlay-color":"","overlay-gradient":""}},"footnotes":""},"class_list":["post-164","page","type-page","status-publish","hentry"],"_links":{"self":[{"href":"https:\/\/elektrovaruh.si\/wp3\/wp-json\/wp\/v2\/pages\/164","targetHints":{"allow":["GET"]}}],"collection":[{"href":"https:\/\/elektrovaruh.si\/wp3\/wp-json\/wp\/v2\/pages"}],"about":[{"href":"https:\/\/elektrovaruh.si\/wp3\/wp-json\/wp\/v2\/types\/page"}],"author":[{"embeddable":true,"href":"https:\/\/elektrovaruh.si\/wp3\/wp-json\/wp\/v2\/users\/1"}],"replies":[{"embeddable":true,"href":"https:\/\/elektrovaruh.si\/wp3\/wp-json\/wp\/v2\/comments?post=164"}],"version-history":[{"count":8,"href":"https:\/\/elektrovaruh.si\/wp3\/wp-json\/wp\/v2\/pages\/164\/revisions"}],"predecessor-version":[{"id":179,"href":"https:\/\/elektrovaruh.si\/wp3\/wp-json\/wp\/v2\/pages\/164\/revisions\/179"}],"wp:attachment":[{"href":"https:\/\/elektrovaruh.si\/wp3\/wp-json\/wp\/v2\/media?parent=164"}],"curies":[{"name":"wp","href":"https:\/\/api.w.org\/{rel}","templated":true}]}}