{"id":27,"date":"2024-03-31T12:08:30","date_gmt":"2024-03-31T12:08:30","guid":{"rendered":"https:\/\/elektrovaruh.si\/wp3\/?page_id=27"},"modified":"2024-10-16T06:23:40","modified_gmt":"2024-10-16T05:23:40","slug":"ste-pripravljeni-na-1-julij-2024-vecina-malih-in-srednjih-podjetij-ni","status":"publish","type":"page","link":"https:\/\/elektrovaruh.si\/wp3\/ste-pripravljeni-na-1-julij-2024-vecina-malih-in-srednjih-podjetij-ni\/","title":{"rendered":"Ste pripravljeni na 1. oktober 2024? Ve\u010dina malih in srednjih podjetij ni\u2026"},"content":{"rendered":"\n<p><strong>Prvega oktobra so za\u010dela veljati povsem nova pravila igre na trgu elektri\u010dne energije. Kar lahko, \u010de se v va\u0161em podjetju ne boste prilagodili, pomeni tudi ve\u010d kot 10x vi\u0161ji ra\u010dun za elektriko kot do sedaj. Si ga lahko privo\u0161\u010dite? Lahko pa je to za vas tudi velika prilo\u017enost\u2026<\/strong><\/p>\n\n\n\n<p>\u201cVsi na elektriko!\u201d in \u201cVse na elektriko!\u201d sta slogana, ki ju \u017ee dlje \u010dasa poslu\u0161amo, beremo in vse bolj tudi ob\u010dutimo na vsakem koraku. Bog ne daj, da bi \u0161e kje zakurili kak\u0161na drva, tankali dizel, kdor pa se greje \u0161e s kurilnim oljem pa je \u017ee skoraj dr\u017eavni sovra\u017enik. In postavljamo son\u010dne elektrarne, kupujemo elektri\u010dne avte, toplotne \u010drpalke\u2026<\/p>\n\n\n\n<p>Res je, paziti moramo na na\u0161 planet, da ga ne grejemo preve\u010d. Ampak \u017eal za to <strong>niso dovolj samo dobri nameni<\/strong>, posedanje na demonstracijah s transparenti v rokah in lepe besede politikov.<\/p>\n\n\n\n<p>Marsikdo si \u017eeli postaviti son\u010dno elektrarno, preiti na ogrevanje s toplotno \u010drpalko, si kupiti elektri\u010dni avto ali drugo prevozno sredstvo, <strong>pa ne more. <\/strong><\/p>\n\n\n\n<p><strong>Zakaj?<\/strong><\/p>\n\n\n\n<p>\u017de precej \u010dasa beremo in poslu\u0161amo, da je elektri\u010dno omre\u017eje ozko grlo. Pribli\u017eno tako ozko kot zahodna ljubljanska obvoznica konec julija in v za\u010detku avgusta. V zvezi s tem pa se je v preteklosti naredilo\u2026 bore malo u\u010dinkovitega.<\/p>\n\n\n\n<p>\u010ce ne moremo biti konstruktivni, pa bodimo destruktivni &#8211; to je veliko la\u017eje vsaj na kratek rok. Dalj\u0161e obdobje pa ljudi, ki bi se morali s tem ukvarjati, ve\u010dinoma ne zanima. In tako se je rodila ideja o omejitvah uporabe elektri\u010dnega omre\u017eja.<\/p>\n\n\n\n<p>Sedaj \u017ee vemo. <strong>Imamo izjemno kompliciran sistem zara\u010dunavanja elektri\u010dne energije<\/strong>. Pet \u010dasovnih blokov. Uvedba dveh sezon. 15-minutne vrednosti. Prese\u017ena obra\u010dunska mo\u010d.<\/p>\n\n\n\n<p>Skoraj tako komplicirano bo vse skupaj kot vodenje ra\u010dunovodstva. S podobnimi posledicami, kot \u010de ra\u010dunovodstvo ni v dobrih rokah.<\/p>\n\n\n\n<p>Skratka, tudi na\u010din uporabe elektri\u010dnega omre\u017eja bo v prihodnje najpametneje prepustiti strokovnjakom.<\/p>\n\n\n\n<blockquote class=\"wp-block-quote is-layout-flow wp-block-quote-is-layout-flow\">\n<p><br>Zato vam sedaj lahko pomaga Elektrovaruh, ki po\u010dne to\u010dno to &#8211; <strong>varuje vas pred previsokimi ra\u010duni za elektriko<\/strong>. Lahko jih celo zni\u017eate &#8211; in <strong>to \u017ee danes!<\/strong> Prav tako son\u010dna elektrarna, s katero ste se \u017eeleli zavarovati pred visokimi cenami elektrike, <strong>za vas ponovno pride v po\u0161tev<\/strong>. Prav tako boste lahko pre\u0161li na ogrevanje s toplotno \u010drpalko, nakup elektri\u010dnega prevoznega sredstva bo morda postal smiselen.<\/p>\n<\/blockquote>\n\n\n\n<p><\/p>\n\n\n\n<h2 class=\"wp-block-heading\">Kaj je Elektrovaruh?<\/h2>\n\n\n\n<p>Elektrovaruh je storitev, ki <strong>vam omogo\u010da zni\u017eati stro\u0161ke elektrike na kar najni\u017eji nivo<\/strong> &#8211; lahko so celo negativni, kar pomeni, da <strong>z elektriko zaslu\u017eite &#8211; celo \u010de nimate son\u010dne ali kak\u0161ne druge elektrarne!<\/strong><\/p>\n\n\n\n<p>Uporabljate ga lahko v ve\u010d razli\u010dicah oz. paketih. Prvi je&nbsp;<a href=\"https:\/\/elektrovaruh.si\/wp3\/osnovni-paket\/\" data-type=\"page\" data-id=\"75\">Osnovni paket<\/a><\/p>\n\n\n\n<div class=\"wp-block-buttons is-content-justification-center is-layout-flex wp-container-core-buttons-is-layout-a89b3969 wp-block-buttons-is-layout-flex\">\n<div class=\"wp-block-button\"><a class=\"wp-block-button__link wp-element-button\" href=\"https:\/\/elektrovaruh.si\/wp3\/osnovni-paket\/\">Naprej &gt;&gt;<\/a><\/div>\n<\/div>\n\n\n\n<hr class=\"wp-block-separator has-alpha-channel-opacity\"\/>\n\n\n\n<div class=\"wpcf7 no-js\" id=\"wpcf7-f42-o1\" lang=\"sl-SI\" dir=\"ltr\">\n<div class=\"screen-reader-response\"><p role=\"status\" aria-live=\"polite\" aria-atomic=\"true\"><\/p> <ul><\/ul><\/div>\n<form action=\"\/wp3\/wp-json\/wp\/v2\/pages\/27#wpcf7-f42-o1\" method=\"post\" class=\"wpcf7-form init\" aria-label=\"Contact form\" novalidate=\"novalidate\" data-status=\"init\">\n<div style=\"display: none;\">\n<input type=\"hidden\" name=\"_wpcf7\" value=\"42\" \/>\n<input type=\"hidden\" name=\"_wpcf7_version\" value=\"5.9.3\" \/>\n<input type=\"hidden\" name=\"_wpcf7_locale\" value=\"sl_SI\" \/>\n<input type=\"hidden\" name=\"_wpcf7_unit_tag\" value=\"wpcf7-f42-o1\" \/>\n<input type=\"hidden\" name=\"_wpcf7_container_post\" value=\"0\" \/>\n<input type=\"hidden\" name=\"_wpcf7_posted_data_hash\" value=\"\" \/>\n<\/div>\n<p>Imate vpra\u0161anje ali komentar? Napi\u0161ite ga v spodnji obrazec. Prosim da natan\u010dno preverite, \u010de ste pravilno vpisali va\u0161e kontaktne podatke, da boste lahko prejeli odgovor.\n<\/p>\n<p><label> Va\u0161e sporo\u010dilo<br \/>\n<span class=\"wpcf7-form-control-wrap\" data-name=\"your-message\"><textarea cols=\"40\" rows=\"10\" class=\"wpcf7-form-control wpcf7-textarea wpcf7-validates-as-required\" aria-required=\"true\" aria-invalid=\"false\" placeholder=\"va\u0161e sporo\u010dilo\" name=\"your-message\"><\/textarea><\/span> <\/label>\n<\/p>\n<p><label> Va\u0161e ime<br \/>\n<span class=\"wpcf7-form-control-wrap\" data-name=\"your-name\"><input size=\"40\" class=\"wpcf7-form-control wpcf7-text wpcf7-validates-as-required\" autocomplete=\"name\" aria-required=\"true\" aria-invalid=\"false\" value=\"\" type=\"text\" name=\"your-name\" \/><\/span> <\/label>\n<\/p>\n<p><label> Va\u0161 najbolj\u0161i e-po\u0161tni naslov<br \/>\n<span class=\"wpcf7-form-control-wrap\" data-name=\"your-email\"><input size=\"40\" class=\"wpcf7-form-control wpcf7-email wpcf7-validates-as-required wpcf7-text wpcf7-validates-as-email\" autocomplete=\"email\" aria-required=\"true\" aria-invalid=\"false\" value=\"\" type=\"email\" name=\"your-email\" \/><\/span> <\/label>\n<\/p>\n<p><label> Va\u0161a telefonska \u0161tevilka<br \/>\n<span class=\"wpcf7-form-control-wrap\" data-name=\"tel-351\"><input size=\"40\" class=\"wpcf7-form-control wpcf7-tel wpcf7-text wpcf7-validates-as-tel\" aria-invalid=\"false\" placeholder=\"+386 1 234 56 78\" value=\"\" type=\"tel\" name=\"tel-351\" \/><\/span> <\/label>\n<\/p>\n<p><input class=\"wpcf7-form-control wpcf7-submit has-spinner\" type=\"submit\" value=\"Po\u0161lji\" \/>\n<\/p><p style=\"display: none !important;\" class=\"akismet-fields-container\" data-prefix=\"_wpcf7_ak_\"><label>&#916;<textarea name=\"_wpcf7_ak_hp_textarea\" cols=\"45\" rows=\"8\" maxlength=\"100\"><\/textarea><\/label><input type=\"hidden\" id=\"ak_js_1\" name=\"_wpcf7_ak_js\" value=\"45\"\/><script>document.getElementById( \"ak_js_1\" ).setAttribute( \"value\", ( new Date() ).getTime() );<\/script><\/p><div class=\"wpcf7-response-output\" aria-hidden=\"true\"><\/div>\n<\/form>\n<\/div>\n\n","protected":false},"excerpt":{"rendered":"<p>Prvega oktobra so za\u010dela veljati povsem nova pravila igre na trgu elektri\u010dne energije. Kar lahko, \u010de se v va\u0161em podjetju [&hellip;]<\/p>\n","protected":false},"author":1,"featured_media":0,"parent":0,"menu_order":0,"comment_status":"closed","ping_status":"closed","template":"","meta":{"site-sidebar-layout":"default","site-content-layout":"","ast-site-content-layout":"","site-content-style":"default","site-sidebar-style":"default","ast-global-header-display":"","ast-banner-title-visibility":"","ast-main-header-display":"","ast-hfb-above-header-display":"","ast-hfb-below-header-display":"","ast-hfb-mobile-header-display":"","site-post-title":"","ast-breadcrumbs-content":"","ast-featured-img":"","footer-sml-layout":"","theme-transparent-header-meta":"","adv-header-id-meta":"","stick-header-meta":"","header-above-stick-meta":"","header-main-stick-meta":"","header-below-stick-meta":"","astra-migrate-meta-layouts":"default","ast-page-background-enabled":"default","ast-page-background-meta":{"desktop":{"background-color":"var(--ast-global-color-4)","background-image":"","background-repeat":"repeat","background-position":"center center","background-size":"auto","background-attachment":"scroll","background-type":"","background-media":"","overlay-type":"","overlay-color":"","overlay-gradient":""},"tablet":{"background-color":"","background-image":"","background-repeat":"repeat","background-position":"center center","background-size":"auto","background-attachment":"scroll","background-type":"","background-media":"","overlay-type":"","overlay-color":"","overlay-gradient":""},"mobile":{"background-color":"","background-image":"","background-repeat":"repeat","background-position":"center center","background-size":"auto","background-attachment":"scroll","background-type":"","background-media":"","overlay-type":"","overlay-color":"","overlay-gradient":""}},"ast-content-background-meta":{"desktop":{"background-color":"var(--ast-global-color-5)","background-image":"","background-repeat":"repeat","background-position":"center center","background-size":"auto","background-attachment":"scroll","background-type":"","background-media":"","overlay-type":"","overlay-color":"","overlay-gradient":""},"tablet":{"background-color":"var(--ast-global-color-5)","background-image":"","background-repeat":"repeat","background-position":"center center","background-size":"auto","background-attachment":"scroll","background-type":"","background-media":"","overlay-type":"","overlay-color":"","overlay-gradient":""},"mobile":{"background-color":"var(--ast-global-color-5)","background-image":"","background-repeat":"repeat","background-position":"center center","background-size":"auto","background-attachment":"scroll","background-type":"","background-media":"","overlay-type":"","overlay-color":"","overlay-gradient":""}},"footnotes":""},"class_list":["post-27","page","type-page","status-publish","hentry"],"_links":{"self":[{"href":"https:\/\/elektrovaruh.si\/wp3\/wp-json\/wp\/v2\/pages\/27","targetHints":{"allow":["GET"]}}],"collection":[{"href":"https:\/\/elektrovaruh.si\/wp3\/wp-json\/wp\/v2\/pages"}],"about":[{"href":"https:\/\/elektrovaruh.si\/wp3\/wp-json\/wp\/v2\/types\/page"}],"author":[{"embeddable":true,"href":"https:\/\/elektrovaruh.si\/wp3\/wp-json\/wp\/v2\/users\/1"}],"replies":[{"embeddable":true,"href":"https:\/\/elektrovaruh.si\/wp3\/wp-json\/wp\/v2\/comments?post=27"}],"version-history":[{"count":15,"href":"https:\/\/elektrovaruh.si\/wp3\/wp-json\/wp\/v2\/pages\/27\/revisions"}],"predecessor-version":[{"id":220,"href":"https:\/\/elektrovaruh.si\/wp3\/wp-json\/wp\/v2\/pages\/27\/revisions\/220"}],"wp:attachment":[{"href":"https:\/\/elektrovaruh.si\/wp3\/wp-json\/wp\/v2\/media?parent=27"}],"curies":[{"name":"wp","href":"https:\/\/api.w.org\/{rel}","templated":true}]}}