{"id":75,"date":"2024-03-31T15:50:36","date_gmt":"2024-03-31T14:50:36","guid":{"rendered":"https:\/\/elektrovaruh.si\/wp3\/?page_id=75"},"modified":"2024-10-16T06:24:38","modified_gmt":"2024-10-16T05:24:38","slug":"osnovni-paket","status":"publish","type":"page","link":"https:\/\/elektrovaruh.si\/wp3\/osnovni-paket\/","title":{"rendered":"Osnovni paket"},"content":{"rendered":"\n<p><a href=\"https:\/\/elektrovaruh.si\/wp3\/ste-pripravljeni-na-1-julij-2024-vecina-malih-in-srednjih-podjetij-ni\/\" data-type=\"page\" data-id=\"27\">\u010ce \u0161e niste, preberite, zakaj bi sploh potrebovali osnovni paket<\/a><\/p>\n\n\n\n<p>Osnovni paket omogo\u010da pasivno spremljanje va\u0161e porabe elektri\u010dne energije. Za spremljanje porabe potrebujete<\/p>\n\n\n\n<ul class=\"wp-block-list\">\n<li><strong>merilnik porabe<\/strong>, ki ga namestite v elektri\u010dno omarico (oz. to lahko stori namesto vas katerikoli elektroin\u0161talater)<\/li>\n\n\n\n<li><strong>aplikacijo na mobilnem telefonu<\/strong> in\/ali <strong>informacijski portal na ra\u010dunalniku<\/strong><\/li>\n\n\n\n<li><strong>brez\u017ei\u010dni dostop do interneta<\/strong> (wifi), na katerega je povezan merilnik porabe<\/li>\n\n\n\n<li><strong>pooblastilo za portal Moj Elektro<\/strong> za va\u0161 elektri\u010dni priklju\u010dek<\/li>\n<\/ul>\n\n\n\n<p>Z osnovnim paketom lahko<\/p>\n\n\n\n<ul class=\"wp-block-list\">\n<li>spremljate<strong> trenutno porabo po posameznih fazah<\/strong> in ste na ta na\u010din obve\u0161\u010deni o trenutni porabi<\/li>\n\n\n\n<li>spremljate <strong>zgodovino porabe po posameznih fazah<\/strong> za razli\u010dna obdobja in prejemate <strong>opozorila o neenakomerni razporeditvi porabnikov po posameznih fazah<\/strong> &#8211; to je najpogostej\u0161i vzrok \u201cven metanja\u201d varovalk<\/li>\n\n\n\n<li>prejemate <strong>opozorila o prese\u017eeni dogovorjeni obra\u010dunski mo\u010di<\/strong> in se<strong> izognete visokim kaznim<\/strong>; tudi v primeru, \u010de dogovorjeno mo\u010d prese\u017eete za minuto ali dve, to \u0161e ne pomeni katastrofe, saj je pomembno 15-minutno povpre\u010dje <\/li>\n\n\n\n<li>prejemate <strong>opozorila o spremembi \u010dasovnega bloka omre\u017enine<\/strong> in na ta na\u010din <strong>prilagodite odlo\u010ditve o vklopih in izklopih ve\u010djih porabnikov<\/strong><\/li>\n\n\n\n<li>prejemate <strong>opozorila o spremembi cene elektri\u010dne energije<\/strong> v primeru ve\u010dtarifnega obra\u010duna (lahko sta ve\u010d kot dve tarifi!) in na ta na\u010din prilagodite odlo\u010ditve o vklopih in izklopih ve\u010djih porabnikov &#8211; <a href=\"https:\/\/elektrovaruh.si\/wp3\/kontakt\/\" data-type=\"page\" data-id=\"49\">za spremembo tarifnega sistema nas kontaktirajte<\/a><\/li>\n\n\n\n<li>prejemate <strong>poro\u010dila o porabi elektri\u010dne energije<\/strong> za dolo\u010deno \u010dasovno obdobje<\/li>\n\n\n\n<li>prejemate <strong>priporo\u010dila o smotrnej\u0161i porabi elektri\u010dne energije<\/strong> glede na va\u0161o\n<ul class=\"wp-block-list\">\n<li>preteklo porabo,<\/li>\n\n\n\n<li>priporo\u010dilo spremembe obra\u010dunske mo\u010di,<\/li>\n\n\n\n<li>priporo\u010dilo spremembe operaterja,<\/li>\n\n\n\n<li>priporo\u010dilo dodatne opreme, s katero lahko optimizirate vi\u0161ino ra\u010duna za elektriko.<\/li>\n<\/ul>\n<\/li>\n<\/ul>\n\n\n\n<p>Cena:<\/p>\n\n\n\n<p>Merilnik porabe stane 257\u20ac+ddv. Mogo\u010de ga je pla\u010dati tudi v treh mese\u010dnih obrokih po 89\u20ac+ddv. Merilnik lahko namestite sami ali pa to prepustite va\u0161emu elektroin\u0161talaterju. \u010ce \u017eelite, da vam elektoin\u0161talaterja po\u0161ljemo mi, nam prosim sporo\u010dite).<\/p>\n\n\n\n<p>Uporaba aplikacije: 9\u20ac+ddv mese\u010dno v primeru mese\u010dnega pla\u010dila oz. 99\u20ac+ddv letno v primeru letnega pla\u010dila.<\/p>\n\n\n\n<p>Kaj pa omogo\u010da&nbsp;<a href=\"https:\/\/elektrovaruh.si\/wp3\/napredni-paket\/\" data-type=\"page\" data-id=\"77\">napredni paket in zakaj bi ga hoteli imeti<\/a>?<\/p>\n\n\n\n<div class=\"wp-block-buttons is-content-justification-center is-layout-flex wp-container-core-buttons-is-layout-a89b3969 wp-block-buttons-is-layout-flex\">\n<div class=\"wp-block-button\"><a class=\"wp-block-button__link wp-element-button\" href=\"https:\/\/elektrovaruh.si\/wp3\/napredni-paket\/\">Naprej &gt;&gt;<\/a><\/div>\n<\/div>\n\n\n\n<hr class=\"wp-block-separator has-alpha-channel-opacity\"\/>\n\n\n\n<div class=\"wpcf7 no-js\" id=\"wpcf7-f42-o1\" lang=\"sl-SI\" dir=\"ltr\">\n<div class=\"screen-reader-response\"><p role=\"status\" aria-live=\"polite\" aria-atomic=\"true\"><\/p> <ul><\/ul><\/div>\n<form action=\"\/wp3\/wp-json\/wp\/v2\/pages\/75#wpcf7-f42-o1\" method=\"post\" class=\"wpcf7-form init\" aria-label=\"Contact form\" novalidate=\"novalidate\" data-status=\"init\">\n<div style=\"display: none;\">\n<input type=\"hidden\" name=\"_wpcf7\" value=\"42\" \/>\n<input type=\"hidden\" name=\"_wpcf7_version\" value=\"5.9.3\" \/>\n<input type=\"hidden\" name=\"_wpcf7_locale\" value=\"sl_SI\" \/>\n<input type=\"hidden\" name=\"_wpcf7_unit_tag\" value=\"wpcf7-f42-o1\" \/>\n<input type=\"hidden\" name=\"_wpcf7_container_post\" value=\"0\" \/>\n<input type=\"hidden\" name=\"_wpcf7_posted_data_hash\" value=\"\" \/>\n<\/div>\n<p>Imate vpra\u0161anje ali komentar? Napi\u0161ite ga v spodnji obrazec. Prosim da natan\u010dno preverite, \u010de ste pravilno vpisali va\u0161e kontaktne podatke, da boste lahko prejeli odgovor.\n<\/p>\n<p><label> Va\u0161e sporo\u010dilo<br \/>\n<span class=\"wpcf7-form-control-wrap\" data-name=\"your-message\"><textarea cols=\"40\" rows=\"10\" class=\"wpcf7-form-control wpcf7-textarea wpcf7-validates-as-required\" aria-required=\"true\" aria-invalid=\"false\" placeholder=\"va\u0161e sporo\u010dilo\" name=\"your-message\"><\/textarea><\/span> <\/label>\n<\/p>\n<p><label> Va\u0161e ime<br \/>\n<span class=\"wpcf7-form-control-wrap\" data-name=\"your-name\"><input size=\"40\" class=\"wpcf7-form-control wpcf7-text wpcf7-validates-as-required\" autocomplete=\"name\" aria-required=\"true\" aria-invalid=\"false\" value=\"\" type=\"text\" name=\"your-name\" \/><\/span> <\/label>\n<\/p>\n<p><label> Va\u0161 najbolj\u0161i e-po\u0161tni naslov<br \/>\n<span class=\"wpcf7-form-control-wrap\" data-name=\"your-email\"><input size=\"40\" class=\"wpcf7-form-control wpcf7-email wpcf7-validates-as-required wpcf7-text wpcf7-validates-as-email\" autocomplete=\"email\" aria-required=\"true\" aria-invalid=\"false\" value=\"\" type=\"email\" name=\"your-email\" \/><\/span> <\/label>\n<\/p>\n<p><label> Va\u0161a telefonska \u0161tevilka<br \/>\n<span class=\"wpcf7-form-control-wrap\" data-name=\"tel-351\"><input size=\"40\" class=\"wpcf7-form-control wpcf7-tel wpcf7-text wpcf7-validates-as-tel\" aria-invalid=\"false\" placeholder=\"+386 1 234 56 78\" value=\"\" type=\"tel\" name=\"tel-351\" \/><\/span> <\/label>\n<\/p>\n<p><input class=\"wpcf7-form-control wpcf7-submit has-spinner\" type=\"submit\" value=\"Po\u0161lji\" \/>\n<\/p><p style=\"display: none !important;\" class=\"akismet-fields-container\" data-prefix=\"_wpcf7_ak_\"><label>&#916;<textarea name=\"_wpcf7_ak_hp_textarea\" cols=\"45\" rows=\"8\" maxlength=\"100\"><\/textarea><\/label><input type=\"hidden\" id=\"ak_js_1\" name=\"_wpcf7_ak_js\" value=\"71\"\/><script>document.getElementById( \"ak_js_1\" ).setAttribute( \"value\", ( new Date() ).getTime() );<\/script><\/p><div class=\"wpcf7-response-output\" aria-hidden=\"true\"><\/div>\n<\/form>\n<\/div>\n\n","protected":false},"excerpt":{"rendered":"<p>\u010ce \u0161e niste, preberite, zakaj bi sploh potrebovali osnovni paket Osnovni paket omogo\u010da pasivno spremljanje va\u0161e porabe elektri\u010dne energije. Za [&hellip;]<\/p>\n","protected":false},"author":1,"featured_media":0,"parent":0,"menu_order":0,"comment_status":"closed","ping_status":"closed","template":"","meta":{"site-sidebar-layout":"default","site-content-layout":"","ast-site-content-layout":"","site-content-style":"default","site-sidebar-style":"default","ast-global-header-display":"","ast-banner-title-visibility":"","ast-main-header-display":"","ast-hfb-above-header-display":"","ast-hfb-below-header-display":"","ast-hfb-mobile-header-display":"","site-post-title":"","ast-breadcrumbs-content":"","ast-featured-img":"","footer-sml-layout":"","theme-transparent-header-meta":"","adv-header-id-meta":"","stick-header-meta":"","header-above-stick-meta":"","header-main-stick-meta":"","header-below-stick-meta":"","astra-migrate-meta-layouts":"default","ast-page-background-enabled":"default","ast-page-background-meta":{"desktop":{"background-color":"var(--ast-global-color-4)","background-image":"","background-repeat":"repeat","background-position":"center center","background-size":"auto","background-attachment":"scroll","background-type":"","background-media":"","overlay-type":"","overlay-color":"","overlay-gradient":""},"tablet":{"background-color":"","background-image":"","background-repeat":"repeat","background-position":"center center","background-size":"auto","background-attachment":"scroll","background-type":"","background-media":"","overlay-type":"","overlay-color":"","overlay-gradient":""},"mobile":{"background-color":"","background-image":"","background-repeat":"repeat","background-position":"center center","background-size":"auto","background-attachment":"scroll","background-type":"","background-media":"","overlay-type":"","overlay-color":"","overlay-gradient":""}},"ast-content-background-meta":{"desktop":{"background-color":"var(--ast-global-color-5)","background-image":"","background-repeat":"repeat","background-position":"center center","background-size":"auto","background-attachment":"scroll","background-type":"","background-media":"","overlay-type":"","overlay-color":"","overlay-gradient":""},"tablet":{"background-color":"var(--ast-global-color-5)","background-image":"","background-repeat":"repeat","background-position":"center center","background-size":"auto","background-attachment":"scroll","background-type":"","background-media":"","overlay-type":"","overlay-color":"","overlay-gradient":""},"mobile":{"background-color":"var(--ast-global-color-5)","background-image":"","background-repeat":"repeat","background-position":"center center","background-size":"auto","background-attachment":"scroll","background-type":"","background-media":"","overlay-type":"","overlay-color":"","overlay-gradient":""}},"footnotes":""},"class_list":["post-75","page","type-page","status-publish","hentry"],"_links":{"self":[{"href":"https:\/\/elektrovaruh.si\/wp3\/wp-json\/wp\/v2\/pages\/75","targetHints":{"allow":["GET"]}}],"collection":[{"href":"https:\/\/elektrovaruh.si\/wp3\/wp-json\/wp\/v2\/pages"}],"about":[{"href":"https:\/\/elektrovaruh.si\/wp3\/wp-json\/wp\/v2\/types\/page"}],"author":[{"embeddable":true,"href":"https:\/\/elektrovaruh.si\/wp3\/wp-json\/wp\/v2\/users\/1"}],"replies":[{"embeddable":true,"href":"https:\/\/elektrovaruh.si\/wp3\/wp-json\/wp\/v2\/comments?post=75"}],"version-history":[{"count":7,"href":"https:\/\/elektrovaruh.si\/wp3\/wp-json\/wp\/v2\/pages\/75\/revisions"}],"predecessor-version":[{"id":221,"href":"https:\/\/elektrovaruh.si\/wp3\/wp-json\/wp\/v2\/pages\/75\/revisions\/221"}],"wp:attachment":[{"href":"https:\/\/elektrovaruh.si\/wp3\/wp-json\/wp\/v2\/media?parent=75"}],"curies":[{"name":"wp","href":"https:\/\/api.w.org\/{rel}","templated":true}]}}