{"id":77,"date":"2024-03-31T15:52:09","date_gmt":"2024-03-31T14:52:09","guid":{"rendered":"https:\/\/elektrovaruh.si\/wp3\/?page_id=77"},"modified":"2024-10-16T06:25:16","modified_gmt":"2024-10-16T05:25:16","slug":"napredni-paket","status":"publish","type":"page","link":"https:\/\/elektrovaruh.si\/wp3\/napredni-paket\/","title":{"rendered":"Napredni paket"},"content":{"rendered":"\n<h1 class=\"wp-block-heading\"><\/h1>\n\n\n\n<p>Osnova naprednega paketa je prav tako kot pri <a href=\"https:\/\/elektrovaruh.si\/wp3\/osnovni-paket\/\" data-type=\"page\" data-id=\"75\">osnovnem paketu<\/a> name\u0161\u010den merilnik porabe.<\/p>\n\n\n\n<p>Napredni paket <strong>omogo\u010da vse kot osnovni paket in dodatno aktivno upravljanje ve\u010djih porabnikov na daljavo<\/strong>. Zakaj je to ugodno za vas?<\/p>\n\n\n\n<p>Cena elektrike je sestavljena iz ve\u010d sestavin (kar poglejte ra\u010dun za elektriko, koliko postavk ima), na vi\u0161ino ra\u010duna pa <strong>najbolj vpliva priklju\u010dna mo\u010d, omre\u017enina in cena elektrike<\/strong>.<\/p>\n\n\n\n<p>Napredni paket izkori\u0161\u010da <strong>mo\u017enost 15-minutnih vrednosti<\/strong> elektri\u010dne energije. Danes imamo v splo\u0161nem eno ali dvotarifni sistem cen elektri\u010dne energije. Pri sistemu 15-minutnih vrednosti pa se tarifa spreminja vsakih 15 minut. Tega sistema ne ponujajo ve\u010dji elektrodistributerji, pa\u010d pa se je za to <strong>potrebno dogovoriti posebej<\/strong> &#8211; in <a href=\"https:\/\/elektrovaruh.si\/wp3\/kontakt\/\" data-type=\"page\" data-id=\"49\">mi vam to omogo\u010damo<\/a>.<\/p>\n\n\n\n<p>Katere porabnike lahko pogre\u0161ate 15 minut? Morda bojler za vodo &#8211; bi nastala velika \u0161koda, \u010de bi se bojler za toplo vodo izklopil sedaj in se vklopil \u0161ele \u010dez 15 ali 30 minut? Kaj pa avtopolnilnica? Bo velika te\u017eava, \u010de bo avto napolnjen 30 minut kasneje? In toplotna \u010drpalka &#8211; kak\u0161ne posledice ima za vas, \u010de na toplotni \u010drpalki za 15 ali 30 minut toliko zni\u017eamo nastavljeno temperaturo, da se v tem \u010dasu ne vklopi? Kaj pa \u0161tedilnik, na katerem se kuha hrana? Tega pa verjetno ni pametno ugasniti za ve\u010d \u010dasa.<\/p>\n\n\n\n<p>To so samo najpogostej\u0161i primeri ve\u010djih porabnikov. Katere pa imate vi? Katere lahko za nekaj \u010dasa ugasnemo? Za koliko \u010dasa lahko pogre\u0161ate vsakega od njih?<\/p>\n\n\n\n<p>Take porabnike lahko <strong>priklopimo na daljinsko upravljanje<\/strong>. Jih \u017eelite upravljati sami ali \u017eelite, da mi skrbimo za optimalne vklope in izklope?<\/p>\n\n\n\n<p>Ve\u010dina naprav danes omogo\u010da upravljanje na daljavo. \u010ce ne, lahko ve\u010dino enostavnej\u0161ih porabnikov priklopimo na vti\u010dnice ali releje, ki jih je mogo\u010de upravljati prek brez\u017ei\u010dnega omre\u017eja.<\/p>\n\n\n\n<p>V v aplikaciji oziroma na nadzorni plo\u0161\u010di <strong>ozna\u010dite, katere porabnike \u017eelite, da upravljamo mi in katere \u017eelite upravljati sami<\/strong>.<\/p>\n\n\n\n<p>Poskrbeti je potrebno, da so naprave, ki jih je mogo\u010de upravljati prek brez\u017ei\u010dnega omre\u017eja dostopne za tako upravljanje.<\/p>\n\n\n\n<p>Prav tako je potrebno poskrbeti za dostopnost naprav, ki nimajo mo\u017enosti brez\u017ei\u010dnega upravljanja. Na voljo so vti\u010dnice in releji, ki jih je mogo\u010de povezati na brez\u017ei\u010dno omre\u017eje.<\/p>\n\n\n\n<p>Cena:<\/p>\n\n\n\n<p>Merilnik porabe prav tako stane 257\u20ac+ddv. Mogo\u010de ga je pla\u010dati tudi v treh mese\u010dnih obrokih po 89\u20ac+ddv. Merilnik lahko namestite sami ali pa to prepustite va\u0161emu elektroin\u0161talaterju. \u010ce \u017eelite, da vam elektoin\u0161talaterja po\u0161ljemo mi, nam prosim sporo\u010dite).<\/p>\n\n\n\n<p>Uporaba aplikacije za napredni paket je: 29\u20ac+ddv mese\u010dno v primeru mese\u010dnega pla\u010dila oz. 299\u20ac+ddv letno v primeru letnega pla\u010dila.<\/p>\n\n\n\n<p><a href=\"https:\/\/elektrovaruh.si\/wp3\/baterijski-paket\/\" data-type=\"page\" data-id=\"79\">Ali lahko dobite \u0161e ve\u010d? Seveda&#8230;<\/a><\/p>\n\n\n\n<div class=\"wp-block-buttons is-content-justification-center is-layout-flex wp-container-core-buttons-is-layout-a89b3969 wp-block-buttons-is-layout-flex\">\n<div class=\"wp-block-button\"><a class=\"wp-block-button__link wp-element-button\" href=\"https:\/\/elektrovaruh.si\/wp3\/baterijski-paket\/\">Naprej &gt;&gt;<\/a><\/div>\n<\/div>\n\n\n\n<hr class=\"wp-block-separator has-alpha-channel-opacity\"\/>\n\n\n\n<div class=\"wpcf7 no-js\" id=\"wpcf7-f42-o1\" lang=\"sl-SI\" dir=\"ltr\">\n<div class=\"screen-reader-response\"><p role=\"status\" aria-live=\"polite\" aria-atomic=\"true\"><\/p> <ul><\/ul><\/div>\n<form action=\"\/wp3\/wp-json\/wp\/v2\/pages\/77#wpcf7-f42-o1\" method=\"post\" class=\"wpcf7-form init\" aria-label=\"Contact form\" novalidate=\"novalidate\" data-status=\"init\">\n<div style=\"display: none;\">\n<input type=\"hidden\" name=\"_wpcf7\" value=\"42\" \/>\n<input type=\"hidden\" name=\"_wpcf7_version\" value=\"5.9.3\" \/>\n<input type=\"hidden\" name=\"_wpcf7_locale\" value=\"sl_SI\" \/>\n<input type=\"hidden\" name=\"_wpcf7_unit_tag\" value=\"wpcf7-f42-o1\" \/>\n<input type=\"hidden\" name=\"_wpcf7_container_post\" value=\"0\" \/>\n<input type=\"hidden\" name=\"_wpcf7_posted_data_hash\" value=\"\" \/>\n<\/div>\n<p>Imate vpra\u0161anje ali komentar? Napi\u0161ite ga v spodnji obrazec. Prosim da natan\u010dno preverite, \u010de ste pravilno vpisali va\u0161e kontaktne podatke, da boste lahko prejeli odgovor.\n<\/p>\n<p><label> Va\u0161e sporo\u010dilo<br \/>\n<span class=\"wpcf7-form-control-wrap\" data-name=\"your-message\"><textarea cols=\"40\" rows=\"10\" class=\"wpcf7-form-control wpcf7-textarea wpcf7-validates-as-required\" aria-required=\"true\" aria-invalid=\"false\" placeholder=\"va\u0161e sporo\u010dilo\" name=\"your-message\"><\/textarea><\/span> <\/label>\n<\/p>\n<p><label> Va\u0161e ime<br \/>\n<span class=\"wpcf7-form-control-wrap\" data-name=\"your-name\"><input size=\"40\" class=\"wpcf7-form-control wpcf7-text wpcf7-validates-as-required\" autocomplete=\"name\" aria-required=\"true\" aria-invalid=\"false\" value=\"\" type=\"text\" name=\"your-name\" \/><\/span> <\/label>\n<\/p>\n<p><label> Va\u0161 najbolj\u0161i e-po\u0161tni naslov<br \/>\n<span class=\"wpcf7-form-control-wrap\" data-name=\"your-email\"><input size=\"40\" class=\"wpcf7-form-control wpcf7-email wpcf7-validates-as-required wpcf7-text wpcf7-validates-as-email\" autocomplete=\"email\" aria-required=\"true\" aria-invalid=\"false\" value=\"\" type=\"email\" name=\"your-email\" \/><\/span> <\/label>\n<\/p>\n<p><label> Va\u0161a telefonska \u0161tevilka<br \/>\n<span class=\"wpcf7-form-control-wrap\" data-name=\"tel-351\"><input size=\"40\" class=\"wpcf7-form-control wpcf7-tel wpcf7-text wpcf7-validates-as-tel\" aria-invalid=\"false\" placeholder=\"+386 1 234 56 78\" value=\"\" type=\"tel\" name=\"tel-351\" \/><\/span> <\/label>\n<\/p>\n<p><input class=\"wpcf7-form-control wpcf7-submit has-spinner\" type=\"submit\" value=\"Po\u0161lji\" \/>\n<\/p><p style=\"display: none !important;\" class=\"akismet-fields-container\" data-prefix=\"_wpcf7_ak_\"><label>&#916;<textarea name=\"_wpcf7_ak_hp_textarea\" cols=\"45\" rows=\"8\" maxlength=\"100\"><\/textarea><\/label><input type=\"hidden\" id=\"ak_js_1\" name=\"_wpcf7_ak_js\" value=\"232\"\/><script>document.getElementById( \"ak_js_1\" ).setAttribute( \"value\", ( new Date() ).getTime() );<\/script><\/p><div class=\"wpcf7-response-output\" aria-hidden=\"true\"><\/div>\n<\/form>\n<\/div>\n\n","protected":false},"excerpt":{"rendered":"<p>Osnova naprednega paketa je prav tako kot pri osnovnem paketu name\u0161\u010den merilnik porabe. Napredni paket omogo\u010da vse kot osnovni paket [&hellip;]<\/p>\n","protected":false},"author":1,"featured_media":0,"parent":0,"menu_order":0,"comment_status":"closed","ping_status":"closed","template":"","meta":{"site-sidebar-layout":"default","site-content-layout":"","ast-site-content-layout":"","site-content-style":"default","site-sidebar-style":"default","ast-global-header-display":"","ast-banner-title-visibility":"","ast-main-header-display":"","ast-hfb-above-header-display":"","ast-hfb-below-header-display":"","ast-hfb-mobile-header-display":"","site-post-title":"","ast-breadcrumbs-content":"","ast-featured-img":"","footer-sml-layout":"","theme-transparent-header-meta":"","adv-header-id-meta":"","stick-header-meta":"","header-above-stick-meta":"","header-main-stick-meta":"","header-below-stick-meta":"","astra-migrate-meta-layouts":"default","ast-page-background-enabled":"default","ast-page-background-meta":{"desktop":{"background-color":"var(--ast-global-color-4)","background-image":"","background-repeat":"repeat","background-position":"center center","background-size":"auto","background-attachment":"scroll","background-type":"","background-media":"","overlay-type":"","overlay-color":"","overlay-gradient":""},"tablet":{"background-color":"","background-image":"","background-repeat":"repeat","background-position":"center center","background-size":"auto","background-attachment":"scroll","background-type":"","background-media":"","overlay-type":"","overlay-color":"","overlay-gradient":""},"mobile":{"background-color":"","background-image":"","background-repeat":"repeat","background-position":"center center","background-size":"auto","background-attachment":"scroll","background-type":"","background-media":"","overlay-type":"","overlay-color":"","overlay-gradient":""}},"ast-content-background-meta":{"desktop":{"background-color":"var(--ast-global-color-5)","background-image":"","background-repeat":"repeat","background-position":"center center","background-size":"auto","background-attachment":"scroll","background-type":"","background-media":"","overlay-type":"","overlay-color":"","overlay-gradient":""},"tablet":{"background-color":"var(--ast-global-color-5)","background-image":"","background-repeat":"repeat","background-position":"center center","background-size":"auto","background-attachment":"scroll","background-type":"","background-media":"","overlay-type":"","overlay-color":"","overlay-gradient":""},"mobile":{"background-color":"var(--ast-global-color-5)","background-image":"","background-repeat":"repeat","background-position":"center center","background-size":"auto","background-attachment":"scroll","background-type":"","background-media":"","overlay-type":"","overlay-color":"","overlay-gradient":""}},"footnotes":""},"class_list":["post-77","page","type-page","status-publish","hentry"],"_links":{"self":[{"href":"https:\/\/elektrovaruh.si\/wp3\/wp-json\/wp\/v2\/pages\/77","targetHints":{"allow":["GET"]}}],"collection":[{"href":"https:\/\/elektrovaruh.si\/wp3\/wp-json\/wp\/v2\/pages"}],"about":[{"href":"https:\/\/elektrovaruh.si\/wp3\/wp-json\/wp\/v2\/types\/page"}],"author":[{"embeddable":true,"href":"https:\/\/elektrovaruh.si\/wp3\/wp-json\/wp\/v2\/users\/1"}],"replies":[{"embeddable":true,"href":"https:\/\/elektrovaruh.si\/wp3\/wp-json\/wp\/v2\/comments?post=77"}],"version-history":[{"count":7,"href":"https:\/\/elektrovaruh.si\/wp3\/wp-json\/wp\/v2\/pages\/77\/revisions"}],"predecessor-version":[{"id":222,"href":"https:\/\/elektrovaruh.si\/wp3\/wp-json\/wp\/v2\/pages\/77\/revisions\/222"}],"wp:attachment":[{"href":"https:\/\/elektrovaruh.si\/wp3\/wp-json\/wp\/v2\/media?parent=77"}],"curies":[{"name":"wp","href":"https:\/\/api.w.org\/{rel}","templated":true}]}}