{"id":79,"date":"2024-03-31T15:52:36","date_gmt":"2024-03-31T14:52:36","guid":{"rendered":"https:\/\/elektrovaruh.si\/wp3\/?page_id=79"},"modified":"2024-03-31T21:34:30","modified_gmt":"2024-03-31T20:34:30","slug":"baterijski-paket","status":"publish","type":"page","link":"https:\/\/elektrovaruh.si\/wp3\/baterijski-paket\/","title":{"rendered":"Baterijski paket"},"content":{"rendered":"\n<p><a href=\"https:\/\/elektrovaruh.si\/wp3\/napredni-paket\/\" data-type=\"page\" data-id=\"77\">Napredni paket<\/a>&nbsp;omogo\u010da upravljanje z napravami, ki pa je vseeno omejeno. Prave mo\u017enosti za prihranke in tudi zaslu\u017eke pa omogo\u010da \u0161ele vklju\u010ditev hranilnikov energije oziroma baterij.<\/p>\n\n\n\n<p><strong>Kako lahko pomagajo baterije?<\/strong><\/p>\n\n\n\n<h4 class=\"wp-block-heading\">Izpad dobave elektrike<\/h4>\n\n\n\n<p>Kot prvo, baterije lahko zagotavljajo za\u010dasno delovanje ali vsaj varno zaustavitev naprav v primeru izpada dobave elektrike. Glede na to, kako pomembno je delovanje vsake naprave posebej se lahko izvede tudi lo\u010deno napajanje za vsako napravo posebej. Dodatno je mogo\u010de re\u0161evati izpade elektrike z bencinskim ali dizelskim agregatom.<\/p>\n\n\n\n<h4 class=\"wp-block-heading\">Zagotavljanje najni\u017eje cene elektri\u010dne energije<\/h4>\n\n\n\n<p>Cena elektrike niha. Vendar so vsaj za kratek rok cene elektrike znane. Tako so <strong>za en dan vnaprej znane cene po posameznih urah<\/strong>. Znotraj ur pa so cene dolo\u010dena za 15-minutne intervale.<\/p>\n\n\n\n<p>Smiselno pa je <strong>predvidevanje cene elektrike za nekaj dni naprej<\/strong>. Za ta namen smo <strong>razvili model napovedovanja cen<\/strong>, ki upo\u0161teva vremensko napoved po posameznih podro\u010djih (iz tega je mogo\u010de napovedati proizvodnjo son\u010dnih elektrarn), temperaturo (porabo klima naprav in toplotnih \u010drpalk za ogrevanje), padavine (pomemben za proizvodnjo hidroelektrarn, upo\u0161tevati je potrebno celotno pore\u010dje ve\u010djih rek v Sloveniji) in druge parametre.<\/p>\n\n\n\n<p>Na podlagi vseh teh podatkov <strong>lahko predvidimo ceno energije<\/strong> in <strong>v realnem \u010dasu dopolnjujemo napovedi<\/strong>, ki so s preteklimi izku\u0161njami postale dovolj to\u010dne <strong>za na\u010drtovanje polnjenja in praznjenja baterij<\/strong>. Dodatna prilo\u017enost (oziroma za nekatere te\u017eava) je t.i. balansiranje omre\u017eja, ko se elektrodistributerji zave\u017eejo, da bodo proizvedli oziroma porabili dolo\u010deno koli\u010dino elektri\u010dne energije v naslednjem \u010dasovnem obdobju. \u010ce tega ne izpolnijo, jih \u010dakajo visoke kazni, prav tako je potrebno take anomalije kar najhitreje odpraviti, saj sicer lahko sledijo po\u0161kodbe elektrodistribucijskega sistema ali celo dalj\u0161i izpad.<\/p>\n\n\n\n<blockquote class=\"wp-block-quote is-layout-flow wp-block-quote-is-layout-flow\">\n<p>Osnovno pravilo je, da polnimo baterije (torej kupujemo elektriko) v \u010dasu, ko je celoten stro\u0161ek (torej upo\u0161tevajo\u010d poleg cene elektri\u010dne energije tudi omre\u017enino in priklju\u010dno mo\u010d) elektrike ni\u017eji in porabljamo oz. praznimo baterije, ko je celoten stro\u0161ek elektrike vi\u0161ji. Vendar najpogosteje <strong>ni smiselno kar popolnoma napolniti baterije, ko se nam zdi elektrika poceni in jih potem do konca izprazniti, ko se nam zdi draga<\/strong>.<\/p>\n<\/blockquote>\n\n\n\n<p>Za te potrebe smo <strong>razvili zelo dober in u\u010dinkovit model upravljanja baterij<\/strong>, ki upo\u0161teva poleg vsega zgoraj na\u0161tetega tudi va\u0161 re\u017eim porabe elektri\u010dne energije v razli\u010dnih \u010dasovnih obdobjih, parametre morebitnih baterij, ki jih \u017ee imate in seveda va\u0161e interese.<\/p>\n\n\n\n<p>Seveda se z upravljanjem celotnega sistema <strong>ni potrebno ukvarjati vam<\/strong> &#8211; za to imamo razvito ustrezno programsko opremo, ki tudi zdru\u017euje podatke iz drugih sistemov. Lahko pa v upravljanje <strong>kadarkoli pose\u017eete tudi sami<\/strong> v kolikor je to potrebno.<\/p>\n\n\n\n<p>\u010ce \u0161e nimate baterij, vam lahko na podlagi analize va\u0161e pretekle porabe in va\u0161ih interesov predlagamo&nbsp;<a href=\"https:\/\/elektrovaruh.si\/wp3\/kako-izbrati-ustrezno-baterijo\/\" data-type=\"page\" data-id=\"81\">optimalno konfiguracijo baterijskega sistema<\/a>.<\/p>\n\n\n\n<div class=\"wp-block-buttons is-content-justification-center is-layout-flex wp-container-core-buttons-is-layout-a89b3969 wp-block-buttons-is-layout-flex\">\n<div class=\"wp-block-button\"><a class=\"wp-block-button__link wp-element-button\" href=\"https:\/\/elektrovaruh.si\/wp3\/kako-izbrati-ustrezno-baterijo\/\">Naprej >><\/a><\/div>\n<\/div>\n\n\n\n<hr class=\"wp-block-separator has-alpha-channel-opacity\"\/>\n\n\n\n<div class=\"wpcf7 no-js\" id=\"wpcf7-f42-o1\" lang=\"sl-SI\" dir=\"ltr\">\n<div class=\"screen-reader-response\"><p role=\"status\" aria-live=\"polite\" aria-atomic=\"true\"><\/p> <ul><\/ul><\/div>\n<form action=\"\/wp3\/wp-json\/wp\/v2\/pages\/79#wpcf7-f42-o1\" method=\"post\" class=\"wpcf7-form init\" aria-label=\"Contact form\" novalidate=\"novalidate\" data-status=\"init\">\n<div style=\"display: none;\">\n<input type=\"hidden\" name=\"_wpcf7\" value=\"42\" \/>\n<input type=\"hidden\" name=\"_wpcf7_version\" value=\"5.9.3\" \/>\n<input type=\"hidden\" name=\"_wpcf7_locale\" value=\"sl_SI\" \/>\n<input type=\"hidden\" name=\"_wpcf7_unit_tag\" value=\"wpcf7-f42-o1\" \/>\n<input type=\"hidden\" name=\"_wpcf7_container_post\" value=\"0\" \/>\n<input type=\"hidden\" name=\"_wpcf7_posted_data_hash\" value=\"\" \/>\n<\/div>\n<p>Imate vpra\u0161anje ali komentar? Napi\u0161ite ga v spodnji obrazec. Prosim da natan\u010dno preverite, \u010de ste pravilno vpisali va\u0161e kontaktne podatke, da boste lahko prejeli odgovor.\n<\/p>\n<p><label> Va\u0161e sporo\u010dilo<br \/>\n<span class=\"wpcf7-form-control-wrap\" data-name=\"your-message\"><textarea cols=\"40\" rows=\"10\" class=\"wpcf7-form-control wpcf7-textarea wpcf7-validates-as-required\" aria-required=\"true\" aria-invalid=\"false\" placeholder=\"va\u0161e sporo\u010dilo\" name=\"your-message\"><\/textarea><\/span> <\/label>\n<\/p>\n<p><label> Va\u0161e ime<br \/>\n<span class=\"wpcf7-form-control-wrap\" data-name=\"your-name\"><input size=\"40\" class=\"wpcf7-form-control wpcf7-text wpcf7-validates-as-required\" autocomplete=\"name\" aria-required=\"true\" aria-invalid=\"false\" value=\"\" type=\"text\" name=\"your-name\" \/><\/span> <\/label>\n<\/p>\n<p><label> Va\u0161 najbolj\u0161i e-po\u0161tni naslov<br \/>\n<span class=\"wpcf7-form-control-wrap\" data-name=\"your-email\"><input size=\"40\" class=\"wpcf7-form-control wpcf7-email wpcf7-validates-as-required wpcf7-text wpcf7-validates-as-email\" autocomplete=\"email\" aria-required=\"true\" aria-invalid=\"false\" value=\"\" type=\"email\" name=\"your-email\" \/><\/span> <\/label>\n<\/p>\n<p><label> Va\u0161a telefonska \u0161tevilka<br \/>\n<span class=\"wpcf7-form-control-wrap\" data-name=\"tel-351\"><input size=\"40\" class=\"wpcf7-form-control wpcf7-tel wpcf7-text wpcf7-validates-as-tel\" aria-invalid=\"false\" placeholder=\"+386 1 234 56 78\" value=\"\" type=\"tel\" name=\"tel-351\" \/><\/span> <\/label>\n<\/p>\n<p><input class=\"wpcf7-form-control wpcf7-submit has-spinner\" type=\"submit\" value=\"Po\u0161lji\" \/>\n<\/p><p style=\"display: none !important;\" class=\"akismet-fields-container\" data-prefix=\"_wpcf7_ak_\"><label>&#916;<textarea name=\"_wpcf7_ak_hp_textarea\" cols=\"45\" rows=\"8\" maxlength=\"100\"><\/textarea><\/label><input type=\"hidden\" id=\"ak_js_1\" name=\"_wpcf7_ak_js\" value=\"242\"\/><script>document.getElementById( \"ak_js_1\" ).setAttribute( \"value\", ( new Date() ).getTime() );<\/script><\/p><div class=\"wpcf7-response-output\" aria-hidden=\"true\"><\/div>\n<\/form>\n<\/div>\n\n","protected":false},"excerpt":{"rendered":"<p>Napredni paket&nbsp;omogo\u010da upravljanje z napravami, ki pa je vseeno omejeno. Prave mo\u017enosti za prihranke in tudi zaslu\u017eke pa omogo\u010da \u0161ele [&hellip;]<\/p>\n","protected":false},"author":1,"featured_media":0,"parent":0,"menu_order":0,"comment_status":"closed","ping_status":"closed","template":"","meta":{"site-sidebar-layout":"default","site-content-layout":"","ast-site-content-layout":"","site-content-style":"default","site-sidebar-style":"default","ast-global-header-display":"","ast-banner-title-visibility":"","ast-main-header-display":"","ast-hfb-above-header-display":"","ast-hfb-below-header-display":"","ast-hfb-mobile-header-display":"","site-post-title":"","ast-breadcrumbs-content":"","ast-featured-img":"","footer-sml-layout":"","theme-transparent-header-meta":"","adv-header-id-meta":"","stick-header-meta":"","header-above-stick-meta":"","header-main-stick-meta":"","header-below-stick-meta":"","astra-migrate-meta-layouts":"default","ast-page-background-enabled":"default","ast-page-background-meta":{"desktop":{"background-color":"var(--ast-global-color-4)","background-image":"","background-repeat":"repeat","background-position":"center center","background-size":"auto","background-attachment":"scroll","background-type":"","background-media":"","overlay-type":"","overlay-color":"","overlay-gradient":""},"tablet":{"background-color":"","background-image":"","background-repeat":"repeat","background-position":"center center","background-size":"auto","background-attachment":"scroll","background-type":"","background-media":"","overlay-type":"","overlay-color":"","overlay-gradient":""},"mobile":{"background-color":"","background-image":"","background-repeat":"repeat","background-position":"center center","background-size":"auto","background-attachment":"scroll","background-type":"","background-media":"","overlay-type":"","overlay-color":"","overlay-gradient":""}},"ast-content-background-meta":{"desktop":{"background-color":"var(--ast-global-color-5)","background-image":"","background-repeat":"repeat","background-position":"center center","background-size":"auto","background-attachment":"scroll","background-type":"","background-media":"","overlay-type":"","overlay-color":"","overlay-gradient":""},"tablet":{"background-color":"var(--ast-global-color-5)","background-image":"","background-repeat":"repeat","background-position":"center center","background-size":"auto","background-attachment":"scroll","background-type":"","background-media":"","overlay-type":"","overlay-color":"","overlay-gradient":""},"mobile":{"background-color":"var(--ast-global-color-5)","background-image":"","background-repeat":"repeat","background-position":"center center","background-size":"auto","background-attachment":"scroll","background-type":"","background-media":"","overlay-type":"","overlay-color":"","overlay-gradient":""}},"footnotes":""},"class_list":["post-79","page","type-page","status-publish","hentry"],"_links":{"self":[{"href":"https:\/\/elektrovaruh.si\/wp3\/wp-json\/wp\/v2\/pages\/79","targetHints":{"allow":["GET"]}}],"collection":[{"href":"https:\/\/elektrovaruh.si\/wp3\/wp-json\/wp\/v2\/pages"}],"about":[{"href":"https:\/\/elektrovaruh.si\/wp3\/wp-json\/wp\/v2\/types\/page"}],"author":[{"embeddable":true,"href":"https:\/\/elektrovaruh.si\/wp3\/wp-json\/wp\/v2\/users\/1"}],"replies":[{"embeddable":true,"href":"https:\/\/elektrovaruh.si\/wp3\/wp-json\/wp\/v2\/comments?post=79"}],"version-history":[{"count":7,"href":"https:\/\/elektrovaruh.si\/wp3\/wp-json\/wp\/v2\/pages\/79\/revisions"}],"predecessor-version":[{"id":157,"href":"https:\/\/elektrovaruh.si\/wp3\/wp-json\/wp\/v2\/pages\/79\/revisions\/157"}],"wp:attachment":[{"href":"https:\/\/elektrovaruh.si\/wp3\/wp-json\/wp\/v2\/media?parent=79"}],"curies":[{"name":"wp","href":"https:\/\/api.w.org\/{rel}","templated":true}]}}