{"id":81,"date":"2024-03-31T15:53:04","date_gmt":"2024-03-31T14:53:04","guid":{"rendered":"https:\/\/elektrovaruh.si\/wp3\/?page_id=81"},"modified":"2024-03-31T21:35:35","modified_gmt":"2024-03-31T20:35:35","slug":"kako-izbrati-ustrezno-baterijo","status":"publish","type":"page","link":"https:\/\/elektrovaruh.si\/wp3\/kako-izbrati-ustrezno-baterijo\/","title":{"rendered":"Kako izbrati ustrezno baterijo"},"content":{"rendered":"\n<p>Baterije so klju\u010dni sestavni del&nbsp;<a href=\"https:\/\/elektrovaruh.si\/wp3\/baterijski-paket\/\" data-type=\"page\" data-id=\"79\">baterijskega paketa<\/a>.<\/p>\n\n\n\n<p>Na trgu je veliko baterij, ponudba raste. Danes skoraj ni ve\u010d smiselno postaviti son\u010dne elektrarne brez vsaj osnovnega baterijskega sklopa. Obetajo se tudi subvencije za nakup baterij\u2026 <strong>Kako torej izbrati pravo?<\/strong><\/p>\n\n\n\n<p>Baterije so sestavljene v grobem iz dveh funkcionalnih delov:<\/p>\n\n\n\n<ul class=\"wp-block-list\">\n<li><strong>hranilnega dela<\/strong>, ki vsebuje baterijske celice, v katerih se hrani elektri\u010dna energija in<\/li>\n\n\n\n<li><strong>krmilnega dela<\/strong>, ki nadzoruje polnjenje in praznjenje baterije ter poskrbi, da se baterijske celice ne po\u0161kodujejo in imajo posledi\u010dno \u010dim dalj\u0161o \u017eivljenjsko dobo.<\/li>\n<\/ul>\n\n\n\n<p>Pri konfiguraciji baterijskega sklopa je najbolj pomembno dolo\u010diti naslednje parametre:<\/p>\n\n\n\n<ul class=\"wp-block-list\">\n<li><strong>kapaciteto baterije<\/strong> &#8211; koliko elektri\u010dne energije lahko shrani <strong>ne da bi se pri uporabi uni\u010dila<\/strong><\/li>\n\n\n\n<li><strong>mo\u010d baterijskega sklopa<\/strong> &#8211; dolo\u010da <strong>kako hitro lahko baterijske celice polnimo oziroma praznimo<\/strong><\/li>\n\n\n\n<li><strong>\u0161tevilo ciklov<\/strong> &#8211; razli\u010dne tehnologije omogo\u010dajo <strong>razli\u010dno \u0161tevilo ciklov v \u017eivljenjski dobi<\/strong> &#8211; od nekaj 1.000 pa do celo 100.000<\/li>\n\n\n\n<li><strong>potrebe po hlajenju ali ogrevanju<\/strong> &#8211; ve\u010dina baterijskih celic je <strong>zelo ob\u010dutljiva na temperaturo<\/strong>, predvsem <strong>ne smejo biti aktivne<\/strong> pri temperaturah pod 0\u00b0C; obstajajo pa tudi celice, ki <strong>lahko brez \u0161kode delujejo v temperaturnem razponu med -40\u00b0C do +55\u00b0C<\/strong><\/li>\n\n\n\n<li><strong>nevarnost v\u017eiga<\/strong> &#8211; razli\u010dne tehnologije baterijskih celic so razli\u010dno vnetljive pri nepravilnem polnjenju ali praznjenju<\/li>\n\n\n\n<li><strong>dopustna te\u017ea in dimenzije<\/strong> baterijskega sklopa &#8211; v kolikor je baterijski sklop v zaprtem prostoru, je potrebno <strong>upo\u0161tevati tudi na\u010din dostave<\/strong> na \u017eeleno lokacijo<\/li>\n<\/ul>\n\n\n\n<p>Pri <strong>dolo\u010danju konfiguracije vam seveda lahko pomagamo<\/strong> &#8211; predvsem na podlagi analize va\u0161e dosedanje porabe (opisana v poglavjih Osnovni paket in Napredni paket), upo\u0161tevamo pogoje postavitve, va\u0161e na\u010drte za prihodnost in seveda bud\u017eet.<\/p>\n\n\n\n<blockquote class=\"wp-block-quote is-layout-flow wp-block-quote-is-layout-flow\">\n<p>Va\u0161o baterijo <strong>personaliziramo posebej za vas<\/strong> glede na va\u0161e specifike &#8211; in na ta na\u010din <strong>zagotovimo, da boste za svoj denar dobili kar najve\u010d!<\/strong><\/p>\n<\/blockquote>\n\n\n\n<p>Tako ste pripravljeni ne samo na prihranke, pa\u010d pa tudi na&nbsp;<a href=\"https:\/\/elektrovaruh.si\/wp3\/ustvarjanje-dobicka\/\" data-type=\"page\" data-id=\"83\">ustvarjanje dobi\u010dka<\/a>.<\/p>\n\n\n\n<div class=\"wp-block-buttons is-content-justification-center is-layout-flex wp-container-core-buttons-is-layout-a89b3969 wp-block-buttons-is-layout-flex\">\n<div class=\"wp-block-button\"><a class=\"wp-block-button__link wp-element-button\" href=\"https:\/\/elektrovaruh.si\/wp3\/ustvarjanje-dobicka\/\">Naprej >><\/a><\/div>\n<\/div>\n\n\n\n<hr class=\"wp-block-separator has-alpha-channel-opacity\"\/>\n\n\n\n<div class=\"wpcf7 no-js\" id=\"wpcf7-f42-o1\" lang=\"sl-SI\" dir=\"ltr\">\n<div class=\"screen-reader-response\"><p role=\"status\" aria-live=\"polite\" aria-atomic=\"true\"><\/p> <ul><\/ul><\/div>\n<form action=\"\/wp3\/wp-json\/wp\/v2\/pages\/81#wpcf7-f42-o1\" method=\"post\" class=\"wpcf7-form init\" aria-label=\"Contact form\" novalidate=\"novalidate\" data-status=\"init\">\n<div style=\"display: none;\">\n<input type=\"hidden\" name=\"_wpcf7\" value=\"42\" \/>\n<input type=\"hidden\" name=\"_wpcf7_version\" value=\"5.9.3\" \/>\n<input type=\"hidden\" name=\"_wpcf7_locale\" value=\"sl_SI\" \/>\n<input type=\"hidden\" name=\"_wpcf7_unit_tag\" value=\"wpcf7-f42-o1\" \/>\n<input type=\"hidden\" name=\"_wpcf7_container_post\" value=\"0\" \/>\n<input type=\"hidden\" name=\"_wpcf7_posted_data_hash\" value=\"\" \/>\n<\/div>\n<p>Imate vpra\u0161anje ali komentar? Napi\u0161ite ga v spodnji obrazec. Prosim da natan\u010dno preverite, \u010de ste pravilno vpisali va\u0161e kontaktne podatke, da boste lahko prejeli odgovor.\n<\/p>\n<p><label> Va\u0161e sporo\u010dilo<br \/>\n<span class=\"wpcf7-form-control-wrap\" data-name=\"your-message\"><textarea cols=\"40\" rows=\"10\" class=\"wpcf7-form-control wpcf7-textarea wpcf7-validates-as-required\" aria-required=\"true\" aria-invalid=\"false\" placeholder=\"va\u0161e sporo\u010dilo\" name=\"your-message\"><\/textarea><\/span> <\/label>\n<\/p>\n<p><label> Va\u0161e ime<br \/>\n<span class=\"wpcf7-form-control-wrap\" data-name=\"your-name\"><input size=\"40\" class=\"wpcf7-form-control wpcf7-text wpcf7-validates-as-required\" autocomplete=\"name\" aria-required=\"true\" aria-invalid=\"false\" value=\"\" type=\"text\" name=\"your-name\" \/><\/span> <\/label>\n<\/p>\n<p><label> Va\u0161 najbolj\u0161i e-po\u0161tni naslov<br \/>\n<span class=\"wpcf7-form-control-wrap\" data-name=\"your-email\"><input size=\"40\" class=\"wpcf7-form-control wpcf7-email wpcf7-validates-as-required wpcf7-text wpcf7-validates-as-email\" autocomplete=\"email\" aria-required=\"true\" aria-invalid=\"false\" value=\"\" type=\"email\" name=\"your-email\" \/><\/span> <\/label>\n<\/p>\n<p><label> Va\u0161a telefonska \u0161tevilka<br \/>\n<span class=\"wpcf7-form-control-wrap\" data-name=\"tel-351\"><input size=\"40\" class=\"wpcf7-form-control wpcf7-tel wpcf7-text wpcf7-validates-as-tel\" aria-invalid=\"false\" placeholder=\"+386 1 234 56 78\" value=\"\" type=\"tel\" name=\"tel-351\" \/><\/span> <\/label>\n<\/p>\n<p><input class=\"wpcf7-form-control wpcf7-submit has-spinner\" type=\"submit\" value=\"Po\u0161lji\" \/>\n<\/p><p style=\"display: none !important;\" class=\"akismet-fields-container\" data-prefix=\"_wpcf7_ak_\"><label>&#916;<textarea name=\"_wpcf7_ak_hp_textarea\" cols=\"45\" rows=\"8\" maxlength=\"100\"><\/textarea><\/label><input type=\"hidden\" id=\"ak_js_1\" name=\"_wpcf7_ak_js\" value=\"211\"\/><script>document.getElementById( \"ak_js_1\" ).setAttribute( \"value\", ( new Date() ).getTime() );<\/script><\/p><div class=\"wpcf7-response-output\" aria-hidden=\"true\"><\/div>\n<\/form>\n<\/div>\n\n","protected":false},"excerpt":{"rendered":"<p>Baterije so klju\u010dni sestavni del&nbsp;baterijskega paketa. Na trgu je veliko baterij, ponudba raste. Danes skoraj ni ve\u010d smiselno postaviti son\u010dne [&hellip;]<\/p>\n","protected":false},"author":1,"featured_media":0,"parent":0,"menu_order":0,"comment_status":"closed","ping_status":"closed","template":"","meta":{"site-sidebar-layout":"default","site-content-layout":"","ast-site-content-layout":"","site-content-style":"default","site-sidebar-style":"default","ast-global-header-display":"","ast-banner-title-visibility":"","ast-main-header-display":"","ast-hfb-above-header-display":"","ast-hfb-below-header-display":"","ast-hfb-mobile-header-display":"","site-post-title":"","ast-breadcrumbs-content":"","ast-featured-img":"","footer-sml-layout":"","theme-transparent-header-meta":"","adv-header-id-meta":"","stick-header-meta":"","header-above-stick-meta":"","header-main-stick-meta":"","header-below-stick-meta":"","astra-migrate-meta-layouts":"default","ast-page-background-enabled":"default","ast-page-background-meta":{"desktop":{"background-color":"var(--ast-global-color-4)","background-image":"","background-repeat":"repeat","background-position":"center center","background-size":"auto","background-attachment":"scroll","background-type":"","background-media":"","overlay-type":"","overlay-color":"","overlay-gradient":""},"tablet":{"background-color":"","background-image":"","background-repeat":"repeat","background-position":"center center","background-size":"auto","background-attachment":"scroll","background-type":"","background-media":"","overlay-type":"","overlay-color":"","overlay-gradient":""},"mobile":{"background-color":"","background-image":"","background-repeat":"repeat","background-position":"center center","background-size":"auto","background-attachment":"scroll","background-type":"","background-media":"","overlay-type":"","overlay-color":"","overlay-gradient":""}},"ast-content-background-meta":{"desktop":{"background-color":"var(--ast-global-color-5)","background-image":"","background-repeat":"repeat","background-position":"center center","background-size":"auto","background-attachment":"scroll","background-type":"","background-media":"","overlay-type":"","overlay-color":"","overlay-gradient":""},"tablet":{"background-color":"var(--ast-global-color-5)","background-image":"","background-repeat":"repeat","background-position":"center center","background-size":"auto","background-attachment":"scroll","background-type":"","background-media":"","overlay-type":"","overlay-color":"","overlay-gradient":""},"mobile":{"background-color":"var(--ast-global-color-5)","background-image":"","background-repeat":"repeat","background-position":"center center","background-size":"auto","background-attachment":"scroll","background-type":"","background-media":"","overlay-type":"","overlay-color":"","overlay-gradient":""}},"footnotes":""},"class_list":["post-81","page","type-page","status-publish","hentry"],"_links":{"self":[{"href":"https:\/\/elektrovaruh.si\/wp3\/wp-json\/wp\/v2\/pages\/81","targetHints":{"allow":["GET"]}}],"collection":[{"href":"https:\/\/elektrovaruh.si\/wp3\/wp-json\/wp\/v2\/pages"}],"about":[{"href":"https:\/\/elektrovaruh.si\/wp3\/wp-json\/wp\/v2\/types\/page"}],"author":[{"embeddable":true,"href":"https:\/\/elektrovaruh.si\/wp3\/wp-json\/wp\/v2\/users\/1"}],"replies":[{"embeddable":true,"href":"https:\/\/elektrovaruh.si\/wp3\/wp-json\/wp\/v2\/comments?post=81"}],"version-history":[{"count":8,"href":"https:\/\/elektrovaruh.si\/wp3\/wp-json\/wp\/v2\/pages\/81\/revisions"}],"predecessor-version":[{"id":158,"href":"https:\/\/elektrovaruh.si\/wp3\/wp-json\/wp\/v2\/pages\/81\/revisions\/158"}],"wp:attachment":[{"href":"https:\/\/elektrovaruh.si\/wp3\/wp-json\/wp\/v2\/media?parent=81"}],"curies":[{"name":"wp","href":"https:\/\/api.w.org\/{rel}","templated":true}]}}