{"id":83,"date":"2024-03-31T15:53:28","date_gmt":"2024-03-31T14:53:28","guid":{"rendered":"https:\/\/elektrovaruh.si\/wp3\/?page_id=83"},"modified":"2024-04-01T08:17:12","modified_gmt":"2024-04-01T07:17:12","slug":"ustvarjanje-dobicka","status":"publish","type":"page","link":"https:\/\/elektrovaruh.si\/wp3\/ustvarjanje-dobicka\/","title":{"rendered":"Ustvarjanje dobi\u010dka"},"content":{"rendered":"\n<p>Ko&nbsp;<a href=\"https:\/\/elektrovaruh.si\/wp3\/kako-izbrati-ustrezno-baterijo\/\" data-type=\"page\" data-id=\"81\">izberete ustrezno baterijo<\/a>, ste pripravljeni za naslednji korak.<\/p>\n\n\n\n<p>Omenili smo \u017ee, da cena elektri\u010dne energije precej niha. Ta nihanja lahko<strong> skupaj z modelom upravljanja baterij izkori\u0161\u010damo za ustvarjanje dobi\u010dka<\/strong>.<\/p>\n\n\n\n<p>Dobi\u010dek lahko <strong>ustvarjamo katerikoli dan v letu ne glede na vremenske pogoje ali katerekoli druge parametre<\/strong> &#8211; pomembno je le, da ne pride do izpada oskrbe z elektri\u010dno energijo, torej da imamo delujo\u010d stik z elektri\u010dnim omre\u017ejem.<\/p>\n\n\n\n<p>Ob obstoje\u010dih tarifah je o\u010ditno, da je smiselno baterije napolniti pono\u010di, ko sta tarifa in omre\u017enina ni\u017eja, ter prodati nakopi\u010deno energijo podnevi, ko lahko dose\u017eemo vi\u0161jo ceno.<\/p>\n\n\n\n<p><strong>Seveda pa lahko dose\u017eete bistveno ve\u010d.<\/strong> Poglejmo si samo en primer.<\/p>\n\n\n\n<p>Pogosto je poleti v dolo\u010denih obdobjih dneva cena energije celo negativna &#8211; torej nam proizvajalci pla\u010dajo, da jo porabimo oz. kam spravimo. Hkrati pa je lahko isti dan, le nekaj ur kasneje, poraba zaradi visokih temperatur in posledi\u010dno intenzivne uporabe klimatskih naprav zelo visoka in cena posko\u010di precej visoko.<\/p>\n\n\n\n<p>Na\u0161 model upravljanja baterij lahko <strong>vsak trenutek izra\u010duna optimalno polnjenje oziroma praznjenje baterij<\/strong>. Torej lahko predlaga v nekem trenutku polnjenje do 70% kapacitete. \u010cez npr. dve uri je smiselno del zaloge elektri\u010dne energije prodati in izprazniti baterije do 35% kapacitete. \u0160e tri ure kasneje cena elektrike zaradi prese\u017ene proizvodnje spet pade in je smiselno baterije napolniti do konca. Nekaj ur kasneje cena spet precej naraste in je smiselno baterije izprazniti na 20% kapacitete. In tako naprej.<\/p>\n\n\n\n<blockquote class=\"wp-block-quote is-layout-flow wp-block-quote-is-layout-flow\">\n<p>Tako lahko naredite dnevno tudi do \u0161est ali sedem ciklov (delnega) polnjenja in praznjenja baterije. Z vsakim ciklom ustvarite dobi\u010dek &#8211; kar pomeni da ste <strong>\u017ee v enem dnevu ustvarili dobi\u010dek za katerega bi potrebovali cel teden<\/strong> v primeru \u201cro\u010dnega upravljanja\u201d.<\/p>\n<\/blockquote>\n\n\n\n<p>Ponovno velja omeniti, da <strong>z upravljanjem ciklov nimate prav nobenega dela<\/strong> &#8211; vse operacije krmili na\u0161a programska oprema avtomati\u010dno.<\/p>\n\n\n\n<p>Kaj potrebujete?<\/p>\n\n\n\n<p>Osnova je seveda Napredni paket &#8211; torej name\u0161\u010den merilnik porabe ter morebitne vti\u010dnice in releji, ki jih je mogo\u010de povezati na brez\u017ei\u010dno omre\u017eje.<\/p>\n\n\n\n<p>Potem pa so seveda tukaj baterije. Cena je odvisna od razli\u010dnih parametrov, na podlagi zbranih informacij vam <a href=\"https:\/\/elektrovaruh.si\/wp3\/kontakt\/\" data-type=\"page\" data-id=\"49\">lahko izdelamo razli\u010dne ponudbe<\/a>. Na tem mestu je smiselno opozoriti, da se v ve\u010dini primerov <strong>izpla\u010da investicija v baterijo z dalj\u0161o \u017eivljenjsko dobo<\/strong>; cena je v primeru baterije s 100.000 cikli le 30% vi\u0161ja kot pa v primeru baterije enake kapacitete in mo\u010di z 10.000 cikli.<\/p>\n\n\n\n<p>Sedaj veste kaj nas \u010daka. Seveda pa se samo od sebe ne bo zgodilo prav ni\u010d &#8211; <strong>potrebno je ukrepati<\/strong>. Kaj je naslednji korak? <a href=\"https:\/\/elektrovaruh.si\/wp3\/kontakt\/\" data-type=\"page\" data-id=\"49\">Napi\u0161ite nam sporo\u010dilo<\/a>, kontaktirali vas bomo in pogovorili se bomo, kaj je za vas najbolj optimalna re\u0161itev.<\/p>\n\n\n\n<div class=\"wp-block-buttons is-content-justification-center is-layout-flex wp-container-core-buttons-is-layout-a89b3969 wp-block-buttons-is-layout-flex\">\n<div class=\"wp-block-button\"><a class=\"wp-block-button__link wp-element-button\" href=\"https:\/\/elektrovaruh.si\/wp3\/primerjava-paketov\/\">Naprej >><\/a><\/div>\n<\/div>\n\n\n\n<hr class=\"wp-block-separator has-alpha-channel-opacity\"\/>\n\n\n\n<div class=\"wpcf7 no-js\" id=\"wpcf7-f42-o1\" lang=\"sl-SI\" dir=\"ltr\">\n<div class=\"screen-reader-response\"><p role=\"status\" aria-live=\"polite\" aria-atomic=\"true\"><\/p> <ul><\/ul><\/div>\n<form action=\"\/wp3\/wp-json\/wp\/v2\/pages\/83#wpcf7-f42-o1\" method=\"post\" class=\"wpcf7-form init\" aria-label=\"Contact form\" novalidate=\"novalidate\" data-status=\"init\">\n<div style=\"display: none;\">\n<input type=\"hidden\" name=\"_wpcf7\" value=\"42\" \/>\n<input type=\"hidden\" name=\"_wpcf7_version\" value=\"5.9.3\" \/>\n<input type=\"hidden\" name=\"_wpcf7_locale\" value=\"sl_SI\" \/>\n<input type=\"hidden\" name=\"_wpcf7_unit_tag\" value=\"wpcf7-f42-o1\" \/>\n<input type=\"hidden\" name=\"_wpcf7_container_post\" value=\"0\" \/>\n<input type=\"hidden\" name=\"_wpcf7_posted_data_hash\" value=\"\" \/>\n<\/div>\n<p>Imate vpra\u0161anje ali komentar? Napi\u0161ite ga v spodnji obrazec. Prosim da natan\u010dno preverite, \u010de ste pravilno vpisali va\u0161e kontaktne podatke, da boste lahko prejeli odgovor.\n<\/p>\n<p><label> Va\u0161e sporo\u010dilo<br \/>\n<span class=\"wpcf7-form-control-wrap\" data-name=\"your-message\"><textarea cols=\"40\" rows=\"10\" class=\"wpcf7-form-control wpcf7-textarea wpcf7-validates-as-required\" aria-required=\"true\" aria-invalid=\"false\" placeholder=\"va\u0161e sporo\u010dilo\" name=\"your-message\"><\/textarea><\/span> <\/label>\n<\/p>\n<p><label> Va\u0161e ime<br \/>\n<span class=\"wpcf7-form-control-wrap\" data-name=\"your-name\"><input size=\"40\" class=\"wpcf7-form-control wpcf7-text wpcf7-validates-as-required\" autocomplete=\"name\" aria-required=\"true\" aria-invalid=\"false\" value=\"\" type=\"text\" name=\"your-name\" \/><\/span> <\/label>\n<\/p>\n<p><label> Va\u0161 najbolj\u0161i e-po\u0161tni naslov<br \/>\n<span class=\"wpcf7-form-control-wrap\" data-name=\"your-email\"><input size=\"40\" class=\"wpcf7-form-control wpcf7-email wpcf7-validates-as-required wpcf7-text wpcf7-validates-as-email\" autocomplete=\"email\" aria-required=\"true\" aria-invalid=\"false\" value=\"\" type=\"email\" name=\"your-email\" \/><\/span> <\/label>\n<\/p>\n<p><label> Va\u0161a telefonska \u0161tevilka<br \/>\n<span class=\"wpcf7-form-control-wrap\" data-name=\"tel-351\"><input size=\"40\" class=\"wpcf7-form-control wpcf7-tel wpcf7-text wpcf7-validates-as-tel\" aria-invalid=\"false\" placeholder=\"+386 1 234 56 78\" value=\"\" type=\"tel\" name=\"tel-351\" \/><\/span> <\/label>\n<\/p>\n<p><input class=\"wpcf7-form-control wpcf7-submit has-spinner\" type=\"submit\" value=\"Po\u0161lji\" \/>\n<\/p><p style=\"display: none !important;\" class=\"akismet-fields-container\" data-prefix=\"_wpcf7_ak_\"><label>&#916;<textarea name=\"_wpcf7_ak_hp_textarea\" cols=\"45\" rows=\"8\" maxlength=\"100\"><\/textarea><\/label><input type=\"hidden\" id=\"ak_js_1\" name=\"_wpcf7_ak_js\" value=\"239\"\/><script>document.getElementById( \"ak_js_1\" ).setAttribute( \"value\", ( new Date() ).getTime() );<\/script><\/p><div class=\"wpcf7-response-output\" aria-hidden=\"true\"><\/div>\n<\/form>\n<\/div>\n\n","protected":false},"excerpt":{"rendered":"<p>Ko&nbsp;izberete ustrezno baterijo, ste pripravljeni za naslednji korak. Omenili smo \u017ee, da cena elektri\u010dne energije precej niha. Ta nihanja lahko [&hellip;]<\/p>\n","protected":false},"author":1,"featured_media":0,"parent":0,"menu_order":0,"comment_status":"closed","ping_status":"closed","template":"","meta":{"site-sidebar-layout":"default","site-content-layout":"","ast-site-content-layout":"","site-content-style":"default","site-sidebar-style":"default","ast-global-header-display":"","ast-banner-title-visibility":"","ast-main-header-display":"","ast-hfb-above-header-display":"","ast-hfb-below-header-display":"","ast-hfb-mobile-header-display":"","site-post-title":"","ast-breadcrumbs-content":"","ast-featured-img":"","footer-sml-layout":"","theme-transparent-header-meta":"","adv-header-id-meta":"","stick-header-meta":"","header-above-stick-meta":"","header-main-stick-meta":"","header-below-stick-meta":"","astra-migrate-meta-layouts":"default","ast-page-background-enabled":"default","ast-page-background-meta":{"desktop":{"background-color":"var(--ast-global-color-4)","background-image":"","background-repeat":"repeat","background-position":"center center","background-size":"auto","background-attachment":"scroll","background-type":"","background-media":"","overlay-type":"","overlay-color":"","overlay-gradient":""},"tablet":{"background-color":"","background-image":"","background-repeat":"repeat","background-position":"center center","background-size":"auto","background-attachment":"scroll","background-type":"","background-media":"","overlay-type":"","overlay-color":"","overlay-gradient":""},"mobile":{"background-color":"","background-image":"","background-repeat":"repeat","background-position":"center center","background-size":"auto","background-attachment":"scroll","background-type":"","background-media":"","overlay-type":"","overlay-color":"","overlay-gradient":""}},"ast-content-background-meta":{"desktop":{"background-color":"var(--ast-global-color-5)","background-image":"","background-repeat":"repeat","background-position":"center center","background-size":"auto","background-attachment":"scroll","background-type":"","background-media":"","overlay-type":"","overlay-color":"","overlay-gradient":""},"tablet":{"background-color":"var(--ast-global-color-5)","background-image":"","background-repeat":"repeat","background-position":"center center","background-size":"auto","background-attachment":"scroll","background-type":"","background-media":"","overlay-type":"","overlay-color":"","overlay-gradient":""},"mobile":{"background-color":"var(--ast-global-color-5)","background-image":"","background-repeat":"repeat","background-position":"center center","background-size":"auto","background-attachment":"scroll","background-type":"","background-media":"","overlay-type":"","overlay-color":"","overlay-gradient":""}},"footnotes":""},"class_list":["post-83","page","type-page","status-publish","hentry"],"_links":{"self":[{"href":"https:\/\/elektrovaruh.si\/wp3\/wp-json\/wp\/v2\/pages\/83","targetHints":{"allow":["GET"]}}],"collection":[{"href":"https:\/\/elektrovaruh.si\/wp3\/wp-json\/wp\/v2\/pages"}],"about":[{"href":"https:\/\/elektrovaruh.si\/wp3\/wp-json\/wp\/v2\/types\/page"}],"author":[{"embeddable":true,"href":"https:\/\/elektrovaruh.si\/wp3\/wp-json\/wp\/v2\/users\/1"}],"replies":[{"embeddable":true,"href":"https:\/\/elektrovaruh.si\/wp3\/wp-json\/wp\/v2\/comments?post=83"}],"version-history":[{"count":5,"href":"https:\/\/elektrovaruh.si\/wp3\/wp-json\/wp\/v2\/pages\/83\/revisions"}],"predecessor-version":[{"id":171,"href":"https:\/\/elektrovaruh.si\/wp3\/wp-json\/wp\/v2\/pages\/83\/revisions\/171"}],"wp:attachment":[{"href":"https:\/\/elektrovaruh.si\/wp3\/wp-json\/wp\/v2\/media?parent=83"}],"curies":[{"name":"wp","href":"https:\/\/api.w.org\/{rel}","templated":true}]}}